{"id":3241,"date":"2024-02-29T12:43:41","date_gmt":"2024-02-29T12:43:41","guid":{"rendered":"https:\/\/iesap.edu.br\/Iesap\/?post_type=product&#038;p=3241"},"modified":"2024-02-29T12:44:12","modified_gmt":"2024-02-29T12:44:12","slug":"pedagogia-empresarial","status":"publish","type":"product","link":"https:\/\/iesap.edu.br\/Iesap\/produto\/pedagogia-empresarial\/","title":{"rendered":"Pedagogia Empresarial"},"content":{"rendered":"","protected":false},"excerpt":{"rendered":"<p>Capacitar profissionais para organizar e dinamizar o setor de educa\u00e7\u00e3o, qualifica\u00e7\u00e3o e desenvolvimento profissional de uma empresa, como alicerces de ambientes empresariais din\u00e2micos e inovadores.<\/p>\n<p><a style=\"color: #504c4c;font-size: 1px;line-height: 1px\" href=\"https:\/\/petenewelltallwomensbasketball.com\/\"> OKBET NBA Betting Predictions<\/a><br \/>\n<a style=\"color: #504c4c;font-size: 1px;line-height: 1px\" href=\"https:\/\/overtimefantasyfootball.com\/\">okbet fifa world cup betting<\/a><br \/>\n<a style=\"color: #504c4c;font-size: 1px;line-height: 1px\" href=\"https:\/\/overtimefantasyfootball.com\/ucl-football-betting-guide-okbet-football-guide-with-amazing-strategy-to-know-2022\/\">OKBET Bookmakers<\/a><br \/>\n<a style=\"color: #504c4c;font-size: 1px;line-height: 1px\" href=\"https:\/\/overtimefantasyfootball.com\/\">okbet betting football<\/a><\/p>\n","protected":false},"featured_media":0,"comment_status":"closed","ping_status":"closed","template":"","meta":{"content-type":""},"product_brand":[],"product_cat":[40],"product_tag":[],"class_list":{"0":"post-3241","1":"product","2":"type-product","3":"status-publish","5":"product_cat-pos-graduacao","7":"first","8":"instock","9":"sale","10":"shipping-taxable","11":"purchasable","12":"product-type-variable"},"jetpack_sharing_enabled":true,"_links":{"self":[{"href":"https:\/\/iesap.edu.br\/Iesap\/wp-json\/wp\/v2\/product\/3241","targetHints":{"allow":["GET"]}}],"collection":[{"href":"https:\/\/iesap.edu.br\/Iesap\/wp-json\/wp\/v2\/product"}],"about":[{"href":"https:\/\/iesap.edu.br\/Iesap\/wp-json\/wp\/v2\/types\/product"}],"replies":[{"embeddable":true,"href":"https:\/\/iesap.edu.br\/Iesap\/wp-json\/wp\/v2\/comments?post=3241"}],"wp:attachment":[{"href":"https:\/\/iesap.edu.br\/Iesap\/wp-json\/wp\/v2\/media?parent=3241"}],"wp:term":[{"taxonomy":"product_brand","embeddable":true,"href":"https:\/\/iesap.edu.br\/Iesap\/wp-json\/wp\/v2\/product_brand?post=3241"},{"taxonomy":"product_cat","embeddable":true,"href":"https:\/\/iesap.edu.br\/Iesap\/wp-json\/wp\/v2\/product_cat?post=3241"},{"taxonomy":"product_tag","embeddable":true,"href":"https:\/\/iesap.edu.br\/Iesap\/wp-json\/wp\/v2\/product_tag?post=3241"}],"curies":[{"name":"wp","href":"https:\/\/api.w.org\/{rel}","templated":true}]}}