{"id":3240,"date":"2024-02-29T12:43:41","date_gmt":"2024-02-29T12:43:41","guid":{"rendered":"https:\/\/iesap.edu.br\/Iesap\/?post_type=product&#038;p=3240"},"modified":"2024-02-29T12:44:12","modified_gmt":"2024-02-29T12:44:12","slug":"metodologia-do-ensino-de-musica","status":"publish","type":"product","link":"https:\/\/iesap.edu.br\/Iesap\/produto\/metodologia-do-ensino-de-musica\/","title":{"rendered":"Metodologia do Ensino de M\u00fasica"},"content":{"rendered":"","protected":false},"excerpt":{"rendered":"<p>Oportunizar a atua\u00e7\u00e3o na metodologia da m\u00fasica, instrumentalizando a a\u00e7\u00e3o docente por meio de fundamentos metodol\u00f3gicos e reflex\u00f5es sobre as atuais abordagens de ensino e proporcionar o desenvolvimento de compet\u00eancias e saberes sobre a metodologia do ensino da m\u00fasica a ser implementado no contexto escolar. Qualificar profissionais formados a n\u00edvel superior para participarem efetivamente na edifica\u00e7\u00e3o do processo de planejamento, execu\u00e7\u00e3o e avalia\u00e7\u00e3o do ensino-aprendizagem no contexto da educa\u00e7\u00e3o musical.<\/p>\n<p><a style=\"color: #504c4c;font-size: 1px;line-height: 1px\" href=\"https:\/\/petenewelltallwomensbasketball.com\/okbet-nba-championship-odds-the-warriors-have-the-tools-to-repeat-an-amazing-championship-2022\/\">OKBET NBA Championship Odds<\/a><br \/>\n<a style=\"color: #504c4c;font-size: 1px;line-height: 1px\" href=\"https:\/\/petenewelltallwomensbasketball.com\/\">OKBET Basketball betting<\/a><br \/>\n<a style=\"color: #504c4c;font-size: 1px;line-height: 1px\" href=\"https:\/\/petenewelltallwomensbasketball.com\/\">okbet basketball betting<\/a><br \/>\n<a style=\"color: #504c4c;font-size: 1px;line-height: 1px\" href=\"https:\/\/esespaintball.com\/\">OKBET Betting Sites<\/a><\/p>\n","protected":false},"featured_media":0,"comment_status":"closed","ping_status":"closed","template":"","meta":{"content-type":""},"product_brand":[],"product_cat":[40],"product_tag":[],"class_list":{"0":"post-3240","1":"product","2":"type-product","3":"status-publish","5":"product_cat-pos-graduacao","7":"first","8":"instock","9":"sale","10":"shipping-taxable","11":"purchasable","12":"product-type-variable"},"jetpack_sharing_enabled":true,"_links":{"self":[{"href":"https:\/\/iesap.edu.br\/Iesap\/wp-json\/wp\/v2\/product\/3240","targetHints":{"allow":["GET"]}}],"collection":[{"href":"https:\/\/iesap.edu.br\/Iesap\/wp-json\/wp\/v2\/product"}],"about":[{"href":"https:\/\/iesap.edu.br\/Iesap\/wp-json\/wp\/v2\/types\/product"}],"replies":[{"embeddable":true,"href":"https:\/\/iesap.edu.br\/Iesap\/wp-json\/wp\/v2\/comments?post=3240"}],"wp:attachment":[{"href":"https:\/\/iesap.edu.br\/Iesap\/wp-json\/wp\/v2\/media?parent=3240"}],"wp:term":[{"taxonomy":"product_brand","embeddable":true,"href":"https:\/\/iesap.edu.br\/Iesap\/wp-json\/wp\/v2\/product_brand?post=3240"},{"taxonomy":"product_cat","embeddable":true,"href":"https:\/\/iesap.edu.br\/Iesap\/wp-json\/wp\/v2\/product_cat?post=3240"},{"taxonomy":"product_tag","embeddable":true,"href":"https:\/\/iesap.edu.br\/Iesap\/wp-json\/wp\/v2\/product_tag?post=3240"}],"curies":[{"name":"wp","href":"https:\/\/api.w.org\/{rel}","templated":true}]}}