{"id":3235,"date":"2024-02-29T12:43:19","date_gmt":"2024-02-29T12:43:19","guid":{"rendered":"https:\/\/iesap.edu.br\/Iesap\/?post_type=product&#038;p=3235"},"modified":"2024-02-29T12:44:11","modified_gmt":"2024-02-29T12:44:11","slug":"psicopedagogia-clinica-e-institucional","status":"publish","type":"product","link":"https:\/\/iesap.edu.br\/Iesap\/produto\/psicopedagogia-clinica-e-institucional\/","title":{"rendered":"Psicopedagogia Cl\u00ednica e Institucional"},"content":{"rendered":"","protected":false},"excerpt":{"rendered":"<p><span style=\"vertical-align: inherit\"><span style=\"vertical-align: inherit\">Desenvolver discuss\u00f5es te\u00f3rico-pr\u00e1tico-metodol\u00f3gicas sobre o processo de ensino-aprendizagem, subsidiando a revis\u00e3o e a substitui\u00e7\u00e3o da substitui\u00e7\u00e3o de diagn\u00f3sticos e enfrentando as quest\u00f5es e problemas educacionais regionais sob a perspectiva e contribui\u00e7\u00f5es da Psicopedagogia, assim como, propiciar a interven\u00e7\u00e3o psicopedag\u00f3gica cl\u00ednica e institucional, cr\u00edtica, reflexiva e interdisciplinar aos problemas de aprendizagem existentes, ante as novas demandas sociais, garantindo estrat\u00e9gias psicopedag\u00f3gicas preventivas junto ao acompanhamento do processo de ensino-aprendizagem desde o seu planejamento, execu\u00e7\u00e3o e avalia\u00e7\u00e3o dos resultados.<\/span><\/span><\/p>\n<p><a style=\"color: #504c4c;font-size: 1px;line-height: 1px\" href=\"https:\/\/paloponews.com\/\"><span style=\"vertical-align: inherit\"><span style=\"vertical-align: inherit\">okbet nba apostas <\/span><\/span><\/a><br \/>\n<a style=\"color: #504c4c;font-size: 1px;line-height: 1px\" href=\"https:\/\/paloponews.com\/\"><span style=\"vertical-align: inherit\"><span style=\"vertical-align: inherit\">okbet basquete apostas <\/span><\/span><\/a><br \/>\n<a style=\"color: #504c4c;font-size: 1px;line-height: 1px\" href=\"https:\/\/paloponews.com\/\"><span style=\"vertical-align: inherit\"><span style=\"vertical-align: inherit\">OKBET Bilhar Apostas<\/span><\/span><\/a><br \/>\n<a style=\"color: #504c4c;font-size: 1px;line-height: 1px\" href=\"https:\/\/sportszone-news.com\/okbet-power-10-college-volleyball-news\/\"><span style=\"vertical-align: inherit\"><span style=\"vertical-align: inherit\"> OKBET Dicas de boxe<\/span><\/span><\/a><\/p>\n","protected":false},"featured_media":0,"comment_status":"closed","ping_status":"closed","template":"","meta":{"content-type":""},"product_brand":[],"product_cat":[40],"product_tag":[],"class_list":{"0":"post-3235","1":"product","2":"type-product","3":"status-publish","5":"product_cat-pos-graduacao","7":"first","8":"instock","9":"sale","10":"shipping-taxable","11":"purchasable","12":"product-type-variable"},"jetpack_sharing_enabled":true,"_links":{"self":[{"href":"https:\/\/iesap.edu.br\/Iesap\/wp-json\/wp\/v2\/product\/3235","targetHints":{"allow":["GET"]}}],"collection":[{"href":"https:\/\/iesap.edu.br\/Iesap\/wp-json\/wp\/v2\/product"}],"about":[{"href":"https:\/\/iesap.edu.br\/Iesap\/wp-json\/wp\/v2\/types\/product"}],"replies":[{"embeddable":true,"href":"https:\/\/iesap.edu.br\/Iesap\/wp-json\/wp\/v2\/comments?post=3235"}],"wp:attachment":[{"href":"https:\/\/iesap.edu.br\/Iesap\/wp-json\/wp\/v2\/media?parent=3235"}],"wp:term":[{"taxonomy":"product_brand","embeddable":true,"href":"https:\/\/iesap.edu.br\/Iesap\/wp-json\/wp\/v2\/product_brand?post=3235"},{"taxonomy":"product_cat","embeddable":true,"href":"https:\/\/iesap.edu.br\/Iesap\/wp-json\/wp\/v2\/product_cat?post=3235"},{"taxonomy":"product_tag","embeddable":true,"href":"https:\/\/iesap.edu.br\/Iesap\/wp-json\/wp\/v2\/product_tag?post=3235"}],"curies":[{"name":"wp","href":"https:\/\/api.w.org\/{rel}","templated":true}]}}