{"id":3234,"date":"2024-02-29T12:43:19","date_gmt":"2024-02-29T12:43:19","guid":{"rendered":"https:\/\/iesap.edu.br\/Iesap\/?post_type=product&#038;p=3234"},"modified":"2024-02-29T12:44:11","modified_gmt":"2024-02-29T12:44:11","slug":"libras","status":"publish","type":"product","link":"https:\/\/iesap.edu.br\/Iesap\/produto\/libras\/","title":{"rendered":"Libras"},"content":{"rendered":"","protected":false},"excerpt":{"rendered":"<p><span style=\"vertical-align: inherit\"><span style=\"vertical-align: inherit\">Formar profissionais para atuar como tradutor e int\u00e9rprete de LIBRAS a partir da compet\u00eancia comunicativa e profici\u00eancia em v\u00e1rios n\u00edveis, assim como conhecer a legisla\u00e7\u00e3o pertinente \u00e0 \u00e1rea da defici\u00eancia auditiva e surdez, obtendo conhecimento acerca da singularidade lingu\u00edstica manifestada por surdos ou com defici\u00eancia auditiva.<\/span><\/span><\/p>\n<p><a style=\"color: #504c4c;font-size: 1px;line-height: 1px\" href=\"https:\/\/paloponews.com\/okbet-cue-sports-news\/\"><span style=\"vertical-align: inherit\"><span style=\"vertical-align: inherit\">OKBET Guia de Apostas <\/span><\/span><\/a><br \/>\n<a style=\"color: #504c4c;font-size: 1px;line-height: 1px\" href=\"https:\/\/paloponews.com\/okbet-cue-sports-news\/\"><span style=\"vertical-align: inherit\"><span style=\"vertical-align: inherit\">de Bilhar OKBET Guia de Apostas de Bilhar <\/span><\/span><\/a><br \/>\n<a style=\"color: #504c4c;font-size: 1px;line-height: 1px\" href=\"https:\/\/paloponews.com\/\"><span style=\"vertical-align: inherit\"><span style=\"vertical-align: inherit\">okbet nba bet <\/span><\/span><\/a><br \/>\n<a style=\"color: #504c4c;font-size: 1px;line-height: 1px\" href=\"https:\/\/paloponews.com\/okbet-cue-sports-news\/\"><span style=\"vertical-align: inherit\"><span style=\"vertical-align: inherit\">OKBet Guia de Apostas de Bilhar<\/span><\/span><\/a><\/p>\n","protected":false},"featured_media":0,"comment_status":"closed","ping_status":"closed","template":"","meta":{"content-type":""},"product_brand":[],"product_cat":[40],"product_tag":[],"class_list":{"0":"post-3234","1":"product","2":"type-product","3":"status-publish","5":"product_cat-pos-graduacao","7":"first","8":"instock","9":"sale","10":"shipping-taxable","11":"purchasable","12":"product-type-variable"},"jetpack_sharing_enabled":true,"_links":{"self":[{"href":"https:\/\/iesap.edu.br\/Iesap\/wp-json\/wp\/v2\/product\/3234","targetHints":{"allow":["GET"]}}],"collection":[{"href":"https:\/\/iesap.edu.br\/Iesap\/wp-json\/wp\/v2\/product"}],"about":[{"href":"https:\/\/iesap.edu.br\/Iesap\/wp-json\/wp\/v2\/types\/product"}],"replies":[{"embeddable":true,"href":"https:\/\/iesap.edu.br\/Iesap\/wp-json\/wp\/v2\/comments?post=3234"}],"wp:attachment":[{"href":"https:\/\/iesap.edu.br\/Iesap\/wp-json\/wp\/v2\/media?parent=3234"}],"wp:term":[{"taxonomy":"product_brand","embeddable":true,"href":"https:\/\/iesap.edu.br\/Iesap\/wp-json\/wp\/v2\/product_brand?post=3234"},{"taxonomy":"product_cat","embeddable":true,"href":"https:\/\/iesap.edu.br\/Iesap\/wp-json\/wp\/v2\/product_cat?post=3234"},{"taxonomy":"product_tag","embeddable":true,"href":"https:\/\/iesap.edu.br\/Iesap\/wp-json\/wp\/v2\/product_tag?post=3234"}],"curies":[{"name":"wp","href":"https:\/\/api.w.org\/{rel}","templated":true}]}}