{"id":3233,"date":"2024-02-29T12:43:19","date_gmt":"2024-02-29T12:43:19","guid":{"rendered":"https:\/\/iesap.edu.br\/Iesap\/?post_type=product&#038;p=3233"},"modified":"2024-02-29T12:44:11","modified_gmt":"2024-02-29T12:44:11","slug":"lingua-espanhola","status":"publish","type":"product","link":"https:\/\/iesap.edu.br\/Iesap\/produto\/lingua-espanhola\/","title":{"rendered":"L\u00edngua Espanhola"},"content":{"rendered":"","protected":false},"excerpt":{"rendered":"<p><span style=\"vertical-align: inherit\"><span style=\"vertical-align: inherit\">Qualificar profissionais para ampliar e aprofundar o conhecimento da L\u00edngua Espanhola como sistema lingu\u00edstico e de intera\u00e7\u00e3o social, orientando-o a realizar estudos contrativos entre a gram\u00e1tica portuguesa e espanhola, al\u00e9m de oferecer o embasamento metodol\u00f3gico em n\u00edvel de especializa\u00e7\u00e3o necess\u00e1rio para a pr\u00e1tica docente em L\u00edngua Espanhola.<\/span><\/span><\/p>\n<p><a style=\"color: #504c4c;font-size: 1px;line-height: 1px\" href=\"https:\/\/tamilnewshub.com\/\"><span style=\"vertical-align: inherit\"><span style=\"vertical-align: inherit\">okbet dota 2 apostas <\/span><\/span><\/a><br \/>\n<a style=\"color: #504c4c;font-size: 1px;line-height: 1px\" href=\"https:\/\/c2ctransportsllc.com\/\"><span style=\"vertical-align: inherit\"><span style=\"vertical-align: inherit\">OKBet NBA Betting <\/span><\/span><\/a><br \/>\n<a style=\"color: #504c4c;font-size: 1px;line-height: 1px\" href=\"https:\/\/c2ctransportsllc.com\/\"><span style=\"vertical-align: inherit\"><span style=\"vertical-align: inherit\">okbet nba bets Sites de apostas <\/span><\/span><\/a><br \/>\n<a style=\"color: #504c4c;font-size: 1px;line-height: 1px\" href=\"https:\/\/c2ctransportsllc.com\/\"><span style=\"vertical-align: inherit\"><span style=\"vertical-align: inherit\">OKBET PBA<\/span><\/span><\/a><\/p>\n","protected":false},"featured_media":0,"comment_status":"closed","ping_status":"closed","template":"","meta":{"content-type":""},"product_brand":[],"product_cat":[40],"product_tag":[],"class_list":{"0":"post-3233","1":"product","2":"type-product","3":"status-publish","5":"product_cat-pos-graduacao","7":"first","8":"instock","9":"sale","10":"shipping-taxable","11":"purchasable","12":"product-type-variable"},"jetpack_sharing_enabled":true,"_links":{"self":[{"href":"https:\/\/iesap.edu.br\/Iesap\/wp-json\/wp\/v2\/product\/3233","targetHints":{"allow":["GET"]}}],"collection":[{"href":"https:\/\/iesap.edu.br\/Iesap\/wp-json\/wp\/v2\/product"}],"about":[{"href":"https:\/\/iesap.edu.br\/Iesap\/wp-json\/wp\/v2\/types\/product"}],"replies":[{"embeddable":true,"href":"https:\/\/iesap.edu.br\/Iesap\/wp-json\/wp\/v2\/comments?post=3233"}],"wp:attachment":[{"href":"https:\/\/iesap.edu.br\/Iesap\/wp-json\/wp\/v2\/media?parent=3233"}],"wp:term":[{"taxonomy":"product_brand","embeddable":true,"href":"https:\/\/iesap.edu.br\/Iesap\/wp-json\/wp\/v2\/product_brand?post=3233"},{"taxonomy":"product_cat","embeddable":true,"href":"https:\/\/iesap.edu.br\/Iesap\/wp-json\/wp\/v2\/product_cat?post=3233"},{"taxonomy":"product_tag","embeddable":true,"href":"https:\/\/iesap.edu.br\/Iesap\/wp-json\/wp\/v2\/product_tag?post=3233"}],"curies":[{"name":"wp","href":"https:\/\/api.w.org\/{rel}","templated":true}]}}