{"id":3232,"date":"2024-02-29T12:43:19","date_gmt":"2024-02-29T12:43:19","guid":{"rendered":"https:\/\/iesap.edu.br\/Iesap\/?post_type=product&#038;p=3232"},"modified":"2024-02-29T12:44:11","modified_gmt":"2024-02-29T12:44:11","slug":"lingua-inglesa","status":"publish","type":"product","link":"https:\/\/iesap.edu.br\/Iesap\/produto\/lingua-inglesa\/","title":{"rendered":"L\u00edngua Inglesa"},"content":{"rendered":"","protected":false},"excerpt":{"rendered":"<p><span style=\"vertical-align: inherit\"><span style=\"vertical-align: inherit\">Aprofundar conhecimentos relativos ao ensino-aprendizagem da l\u00edngua inglesa a partir de reflex\u00f5es de ordem te\u00f3rica e metodol\u00f3gica sobre o desenvolvimento de habilidades lingu\u00edsticas, compreens\u00e3o e produ\u00e7\u00e3o oral e escrita, tendo em vista o aperfei\u00e7oamento das pr\u00e1ticas em sala de aula.<\/span><\/span><\/p>\n<p><a style=\"color: #504c4c;font-size: 1px;line-height: 1px\" href=\"https:\/\/online-news-release.com\/\"><span style=\"vertical-align: inherit\"><span style=\"vertical-align: inherit\">okbet pba bet <\/span><\/span><\/a><br \/>\n<a style=\"color: #504c4c;font-size: 1px;line-height: 1px\" href=\"https:\/\/online-news-release.com\/okbet-mpbl-game-fixing-committed-news\/\"><span style=\"vertical-align: inherit\"><span style=\"vertical-align: inherit\">OKBET MPBL GAME <\/span><\/span><\/a><br \/>\n<a style=\"color: #504c4c;font-size: 1px;line-height: 1px\" href=\"https:\/\/online-news-release.com\/mpbl-sports-game-nueva-ecija-and-san-juan\/\"><span style=\"vertical-align: inherit\"><span style=\"vertical-align: inherit\">MPBL Sports Game <\/span><\/span><\/a><br \/>\n<a style=\"color: #504c4c;font-size: 1px;line-height: 1px\" href=\"https:\/\/tamilnewshub.com\/\"><span style=\"vertical-align: inherit\"><span style=\"vertical-align: inherit\">okbet valorant bets<\/span><\/span><\/a><\/p>\n","protected":false},"featured_media":0,"comment_status":"closed","ping_status":"closed","template":"","meta":{"content-type":""},"product_brand":[],"product_cat":[40],"product_tag":[],"class_list":{"0":"post-3232","1":"product","2":"type-product","3":"status-publish","5":"product_cat-pos-graduacao","7":"first","8":"instock","9":"sale","10":"shipping-taxable","11":"purchasable","12":"product-type-variable"},"jetpack_sharing_enabled":true,"_links":{"self":[{"href":"https:\/\/iesap.edu.br\/Iesap\/wp-json\/wp\/v2\/product\/3232","targetHints":{"allow":["GET"]}}],"collection":[{"href":"https:\/\/iesap.edu.br\/Iesap\/wp-json\/wp\/v2\/product"}],"about":[{"href":"https:\/\/iesap.edu.br\/Iesap\/wp-json\/wp\/v2\/types\/product"}],"replies":[{"embeddable":true,"href":"https:\/\/iesap.edu.br\/Iesap\/wp-json\/wp\/v2\/comments?post=3232"}],"wp:attachment":[{"href":"https:\/\/iesap.edu.br\/Iesap\/wp-json\/wp\/v2\/media?parent=3232"}],"wp:term":[{"taxonomy":"product_brand","embeddable":true,"href":"https:\/\/iesap.edu.br\/Iesap\/wp-json\/wp\/v2\/product_brand?post=3232"},{"taxonomy":"product_cat","embeddable":true,"href":"https:\/\/iesap.edu.br\/Iesap\/wp-json\/wp\/v2\/product_cat?post=3232"},{"taxonomy":"product_tag","embeddable":true,"href":"https:\/\/iesap.edu.br\/Iesap\/wp-json\/wp\/v2\/product_tag?post=3232"}],"curies":[{"name":"wp","href":"https:\/\/api.w.org\/{rel}","templated":true}]}}