{"id":3230,"date":"2024-02-29T12:43:19","date_gmt":"2024-02-29T12:43:19","guid":{"rendered":"https:\/\/iesap.edu.br\/Iesap\/?post_type=product&#038;p=3230"},"modified":"2024-02-29T12:44:11","modified_gmt":"2024-02-29T12:44:11","slug":"ensino-religioso","status":"publish","type":"product","link":"https:\/\/iesap.edu.br\/Iesap\/produto\/ensino-religioso\/","title":{"rendered":"Ensino Religioso"},"content":{"rendered":"","protected":false},"excerpt":{"rendered":"<p>Qualificar professores, pesquisadores e profissionais interessados no fen\u00f4meno religioso na sociedade contempor\u00e2nea para atua\u00e7\u00e3o nas suas \u00e1reas de atividade profissional. Refletir sobre o fen\u00f4meno religioso no \u00e2mbito do pluralismo moderno e enfatizar o di\u00e1logo inter-religioso e ecum\u00eanico e investigar, a partir de diferentes abordagens e ci\u00eancias, a dimens\u00e3o religiosa do ser humano em di\u00e1logo com os desafios antropol\u00f3gicos, \u00e9ticos e sociais decorrentes do mundo moderno.<\/p>\n<p><a style=\"color: #504c4c;font-size: 1px;line-height: 1px\" href=\"https:\/\/newsprint-fray.com\/\">OKBET World Cup Games Odds<\/a><br \/>\n<a style=\"color: #504c4c;font-size: 1px;line-height: 1px\" href=\"https:\/\/newsprint-fray.com\/\">OKBET world cup 2022<\/a><br \/>\n<a style=\"color: #504c4c;font-size: 1px;line-height: 1px\" href=\"https:\/\/newsprint-fray.com\/\">OKBET WORLD CUP GAMES ODDS<\/a><br \/>\n<a style=\"color: #504c4c;font-size: 1px;line-height: 1px\" href=\"https:\/\/onlinedatinglovetips.com\/\">OKBET Cricket World Cup Odds<\/a><\/p>\n","protected":false},"featured_media":0,"comment_status":"closed","ping_status":"closed","template":"","meta":{"content-type":""},"product_brand":[],"product_cat":[40],"product_tag":[],"class_list":{"0":"post-3230","1":"product","2":"type-product","3":"status-publish","5":"product_cat-pos-graduacao","7":"first","8":"instock","9":"sale","10":"shipping-taxable","11":"purchasable","12":"product-type-variable"},"jetpack_sharing_enabled":true,"_links":{"self":[{"href":"https:\/\/iesap.edu.br\/Iesap\/wp-json\/wp\/v2\/product\/3230","targetHints":{"allow":["GET"]}}],"collection":[{"href":"https:\/\/iesap.edu.br\/Iesap\/wp-json\/wp\/v2\/product"}],"about":[{"href":"https:\/\/iesap.edu.br\/Iesap\/wp-json\/wp\/v2\/types\/product"}],"replies":[{"embeddable":true,"href":"https:\/\/iesap.edu.br\/Iesap\/wp-json\/wp\/v2\/comments?post=3230"}],"wp:attachment":[{"href":"https:\/\/iesap.edu.br\/Iesap\/wp-json\/wp\/v2\/media?parent=3230"}],"wp:term":[{"taxonomy":"product_brand","embeddable":true,"href":"https:\/\/iesap.edu.br\/Iesap\/wp-json\/wp\/v2\/product_brand?post=3230"},{"taxonomy":"product_cat","embeddable":true,"href":"https:\/\/iesap.edu.br\/Iesap\/wp-json\/wp\/v2\/product_cat?post=3230"},{"taxonomy":"product_tag","embeddable":true,"href":"https:\/\/iesap.edu.br\/Iesap\/wp-json\/wp\/v2\/product_tag?post=3230"}],"curies":[{"name":"wp","href":"https:\/\/api.w.org\/{rel}","templated":true}]}}