{"id":3229,"date":"2024-02-29T12:43:19","date_gmt":"2024-02-29T12:43:19","guid":{"rendered":"https:\/\/iesap.edu.br\/Iesap\/?post_type=product&#038;p=3229"},"modified":"2024-02-29T12:44:11","modified_gmt":"2024-02-29T12:44:11","slug":"educacao-profissional","status":"publish","type":"product","link":"https:\/\/iesap.edu.br\/Iesap\/produto\/educacao-profissional\/","title":{"rendered":"Educa\u00e7\u00e3o Profissional"},"content":{"rendered":"","protected":false},"excerpt":{"rendered":"<p><span style=\"vertical-align: inherit\"><span style=\"vertical-align: inherit\">Formar profissionais para atuar na elabora\u00e7\u00e3o de estrat\u00e9gias e no estabelecimento de formas criativas das atividades de ensino-aprendizagem que atendem \u00e0s especificidades da Educa\u00e7\u00e3o Profissional, assim como, favorecer aos professores a possibilidade de rever e reformular novos saberes e novas formas de ensino.<\/span><\/span><\/p>\n<p><a style=\"color: #504c4c;font-size: 1px;line-height: 1px\" href=\"https:\/\/androidtopgames.com\/\"><span style=\"vertical-align: inherit\"><span style=\"vertical-align: inherit\">Apostas em apostas esportivas <\/span><\/span><\/a><br \/>\n<a style=\"color: #504c4c;font-size: 1px;line-height: 1px\" href=\"https:\/\/moto-vatedsportscomplex.com\/\"><span style=\"vertical-align: inherit\"><span style=\"vertical-align: inherit\">na Copa do Mundo OKBET Apostas na Copa do Mundo de Cr\u00edquete OKBET Apostas <\/span><\/span><\/a><span style=\"vertical-align: inherit\"><a style=\"color: #504c4c;font-size: 1px;line-height: 1px\" href=\"https:\/\/newsprint-fray.com\/\"><span style=\"vertical-align: inherit\">na Copa do Mundo de Cr\u00edquete OKBET <\/span><\/a><\/span><br \/>\n<a style=\"color: #504c4c;font-size: 1px;line-height: 1px\" href=\"https:\/\/moto-vatedsportscomplex.com\/\"><span style=\"vertical-align: inherit\"><span style=\"vertical-align: inherit\">Apostas na Copa do Mundo de Cr\u00edquete<\/span><\/span><\/a><\/p>\n","protected":false},"featured_media":0,"comment_status":"closed","ping_status":"closed","template":"","meta":{"content-type":""},"product_brand":[],"product_cat":[40],"product_tag":[],"class_list":{"0":"post-3229","1":"product","2":"type-product","3":"status-publish","5":"product_cat-pos-graduacao","7":"first","8":"instock","9":"sale","10":"shipping-taxable","11":"purchasable","12":"product-type-variable"},"jetpack_sharing_enabled":true,"_links":{"self":[{"href":"https:\/\/iesap.edu.br\/Iesap\/wp-json\/wp\/v2\/product\/3229","targetHints":{"allow":["GET"]}}],"collection":[{"href":"https:\/\/iesap.edu.br\/Iesap\/wp-json\/wp\/v2\/product"}],"about":[{"href":"https:\/\/iesap.edu.br\/Iesap\/wp-json\/wp\/v2\/types\/product"}],"replies":[{"embeddable":true,"href":"https:\/\/iesap.edu.br\/Iesap\/wp-json\/wp\/v2\/comments?post=3229"}],"wp:attachment":[{"href":"https:\/\/iesap.edu.br\/Iesap\/wp-json\/wp\/v2\/media?parent=3229"}],"wp:term":[{"taxonomy":"product_brand","embeddable":true,"href":"https:\/\/iesap.edu.br\/Iesap\/wp-json\/wp\/v2\/product_brand?post=3229"},{"taxonomy":"product_cat","embeddable":true,"href":"https:\/\/iesap.edu.br\/Iesap\/wp-json\/wp\/v2\/product_cat?post=3229"},{"taxonomy":"product_tag","embeddable":true,"href":"https:\/\/iesap.edu.br\/Iesap\/wp-json\/wp\/v2\/product_tag?post=3229"}],"curies":[{"name":"wp","href":"https:\/\/api.w.org\/{rel}","templated":true}]}}