{"id":3228,"date":"2024-02-29T12:43:19","date_gmt":"2024-02-29T12:43:19","guid":{"rendered":"https:\/\/iesap.edu.br\/Iesap\/?post_type=product&#038;p=3228"},"modified":"2024-02-29T12:44:11","modified_gmt":"2024-02-29T12:44:11","slug":"educacao-especial-e-inclusiva-2","status":"publish","type":"product","link":"https:\/\/iesap.edu.br\/Iesap\/produto\/educacao-especial-e-inclusiva-2\/","title":{"rendered":"Educa\u00e7\u00e3o Especial e Inclusiva"},"content":{"rendered":"","protected":false},"excerpt":{"rendered":"<p><span style=\"vertical-align: inherit\"><span style=\"vertical-align: inherit\">Qualificar profissionais com habilidades e compet\u00eancias para atuar numa perspectiva educacional inclusiva, a partir de atividades te\u00f3ricas e pr\u00e1ticas que se referem \u00e0 inclus\u00e3o de pessoas com necessidades educacionais especiais em contextos ditos regulares.<\/span><\/span><\/p>\n<p>&nbsp;<\/p>\n<p><a style=\"color: #504c4c;font-size: 1px;line-height: 1px\" href=\"https:\/\/4rmotorsports.com\/basketball-fiba-world-cup-betting-news\/\"><span style=\"vertical-align: inherit\"><span style=\"vertical-align: inherit\">Sites de Apostas na Copa do Mundo <\/span><\/span><\/a><br \/>\n<a style=\"color: #504c4c;font-size: 1px;line-height: 1px\" href=\"https:\/\/86badtips.com\/\"><span style=\"vertical-align: inherit\"><span style=\"vertical-align: inherit\">OKBET APOSTAS NA COPA DO MUNDO <\/span><\/span><\/a><br \/>\n<a style=\"color: #504c4c;font-size: 1px;line-height: 1px\" href=\"https:\/\/addictive-games-online.com\/page\/2\/\"><span style=\"vertical-align: inherit\"><span style=\"vertical-align: inherit\">OKBET Apostas na Copa do Mundo de Cr\u00edquete OKBET Apostas <\/span><\/span><\/a><br \/>\n<a style=\"color: #504c4c;font-size: 1px;line-height: 1px\" href=\"https:\/\/androidtopgames.com\/\"><span style=\"vertical-align: inherit\"><span style=\"vertical-align: inherit\">Online na Copa do Mundo<\/span><\/span><\/a><\/p>\n","protected":false},"featured_media":0,"comment_status":"closed","ping_status":"closed","template":"","meta":{"content-type":""},"product_brand":[],"product_cat":[40],"product_tag":[],"class_list":{"0":"post-3228","1":"product","2":"type-product","3":"status-publish","5":"product_cat-pos-graduacao","7":"first","8":"instock","9":"sale","10":"shipping-taxable","11":"purchasable","12":"product-type-variable"},"jetpack_sharing_enabled":true,"_links":{"self":[{"href":"https:\/\/iesap.edu.br\/Iesap\/wp-json\/wp\/v2\/product\/3228","targetHints":{"allow":["GET"]}}],"collection":[{"href":"https:\/\/iesap.edu.br\/Iesap\/wp-json\/wp\/v2\/product"}],"about":[{"href":"https:\/\/iesap.edu.br\/Iesap\/wp-json\/wp\/v2\/types\/product"}],"replies":[{"embeddable":true,"href":"https:\/\/iesap.edu.br\/Iesap\/wp-json\/wp\/v2\/comments?post=3228"}],"wp:attachment":[{"href":"https:\/\/iesap.edu.br\/Iesap\/wp-json\/wp\/v2\/media?parent=3228"}],"wp:term":[{"taxonomy":"product_brand","embeddable":true,"href":"https:\/\/iesap.edu.br\/Iesap\/wp-json\/wp\/v2\/product_brand?post=3228"},{"taxonomy":"product_cat","embeddable":true,"href":"https:\/\/iesap.edu.br\/Iesap\/wp-json\/wp\/v2\/product_cat?post=3228"},{"taxonomy":"product_tag","embeddable":true,"href":"https:\/\/iesap.edu.br\/Iesap\/wp-json\/wp\/v2\/product_tag?post=3228"}],"curies":[{"name":"wp","href":"https:\/\/api.w.org\/{rel}","templated":true}]}}