{"id":3226,"date":"2024-02-29T12:43:19","date_gmt":"2024-02-29T12:43:19","guid":{"rendered":"https:\/\/iesap.edu.br\/Iesap\/?post_type=product&#038;p=3226"},"modified":"2024-02-29T12:44:11","modified_gmt":"2024-02-29T12:44:11","slug":"coordenacao-pedagogica","status":"publish","type":"product","link":"https:\/\/iesap.edu.br\/Iesap\/produto\/coordenacao-pedagogica\/","title":{"rendered":"Coordena\u00e7\u00e3o Pedag\u00f3gica"},"content":{"rendered":"","protected":false},"excerpt":{"rendered":"<p><span style=\"vertical-align: inherit\"><span style=\"vertical-align: inherit\"><span style=\"vertical-align: inherit\"><span style=\"vertical-align: inherit\">Qualificar profissionais da Educa\u00e7\u00e3o B\u00e1sica para o desempenho das atividades de Coordena\u00e7\u00e3o Pedag\u00f3gica, numa perspectiva articulada entre Gest\u00e3o, Supervis\u00e3o e Orienta\u00e7\u00e3o Educacional.<\/span><\/span><\/span><\/span><\/p>\n<p><a style=\"color: #504c4c;font-size: 1px;line-height: 1px\" href=\"https:\/\/spyfootball.com\/okbet-uber-cup-im-glad-she-waited-for-me-2022-news\/\/\"><span style=\"vertical-align: inherit\"><span style=\"vertical-align: inherit\">OKBET Uber Cup Apostas <\/span><\/span><\/a><br \/>\n<a style=\"color: #504c4c;font-size: 1px;line-height: 1px\" href=\"https:\/\/spyfootball.com\/okbet-thomas-cup-2022-futures-analysis-predictions\/\"><span style=\"vertical-align: inherit\"><span style=\"vertical-align: inherit\">OKBET Thomas Cup Apostas <\/span><\/span><\/a><br \/>\n<a style=\"color: #504c4c;font-size: 1px;line-height: 1px\" href=\"https:\/\/spyfootball.com\/okbet-badminton-bwf-world-championships-news\/\"><span style=\"vertical-align: inherit\"><span style=\"vertical-align: inherit\">OKBET Badminton BWF Apostas <\/span><\/span><\/a><br \/>\n<a style=\"color: #504c4c;font-size: 1px;line-height: 1px\" href=\"https:\/\/spyfootball.com\/okbet-denmark-open-at-uber-cup-news\/\"><span style=\"vertical-align: inherit\"><span style=\"vertical-align: inherit\">OKBET Dinamarca Open Apostas<\/span><\/span><\/a><\/p>\n","protected":false},"featured_media":0,"comment_status":"closed","ping_status":"closed","template":"","meta":{"content-type":""},"product_brand":[],"product_cat":[40],"product_tag":[],"class_list":{"0":"post-3226","1":"product","2":"type-product","3":"status-publish","5":"product_cat-pos-graduacao","7":"first","8":"instock","9":"sale","10":"shipping-taxable","11":"purchasable","12":"product-type-variable"},"jetpack_sharing_enabled":true,"_links":{"self":[{"href":"https:\/\/iesap.edu.br\/Iesap\/wp-json\/wp\/v2\/product\/3226","targetHints":{"allow":["GET"]}}],"collection":[{"href":"https:\/\/iesap.edu.br\/Iesap\/wp-json\/wp\/v2\/product"}],"about":[{"href":"https:\/\/iesap.edu.br\/Iesap\/wp-json\/wp\/v2\/types\/product"}],"replies":[{"embeddable":true,"href":"https:\/\/iesap.edu.br\/Iesap\/wp-json\/wp\/v2\/comments?post=3226"}],"wp:attachment":[{"href":"https:\/\/iesap.edu.br\/Iesap\/wp-json\/wp\/v2\/media?parent=3226"}],"wp:term":[{"taxonomy":"product_brand","embeddable":true,"href":"https:\/\/iesap.edu.br\/Iesap\/wp-json\/wp\/v2\/product_brand?post=3226"},{"taxonomy":"product_cat","embeddable":true,"href":"https:\/\/iesap.edu.br\/Iesap\/wp-json\/wp\/v2\/product_cat?post=3226"},{"taxonomy":"product_tag","embeddable":true,"href":"https:\/\/iesap.edu.br\/Iesap\/wp-json\/wp\/v2\/product_tag?post=3226"}],"curies":[{"name":"wp","href":"https:\/\/api.w.org\/{rel}","templated":true}]}}