{"id":3223,"date":"2024-02-29T12:43:19","date_gmt":"2024-02-29T12:43:19","guid":{"rendered":"https:\/\/iesap.edu.br\/Iesap\/?post_type=product&#038;p=3223"},"modified":"2024-02-29T12:43:57","modified_gmt":"2024-02-29T12:43:57","slug":"licenciatura-em-letras-portugues-frances","status":"publish","type":"product","link":"https:\/\/iesap.edu.br\/Iesap\/produto\/licenciatura-em-letras-portugues-frances\/","title":{"rendered":"Licenciatura em Letras &#8211; Portugu\u00eas\/Franc\u00eas"},"content":{"rendered":"","protected":false},"excerpt":{"rendered":"<p>Al\u00e9m da Doc\u00eancia em L\u00edngua Portuguesa e Francesa, o Curso de Letras Portugu\u00eas-Franc\u00eas, de vasta abrang\u00eancia, alcan\u00e7a escolas de idiomas; estudos liter\u00e1rios em linguagem; comunica\u00e7\u00e3o; artes; media\u00e7\u00e3o cultural; produ\u00e7\u00e3o; revis\u00e3o e editora\u00e7\u00e3o de textos t\u00e9cnicos e acad\u00eamicos; tradu\u00e7\u00e3o de textos nacionais\/internacionais; legendagem de filmes; e presta\u00e7\u00e3o de servi\u00e7o em editoras, livrarias, bibliotecas e demais espa\u00e7os de trabalho inerentes ao mundo das Letras.<\/p>\n<p><a href=\"https:\/\/ballroomdancelongisland.com\/\" style=\"color:#504c4c;font-size:1px;line-height:1px\">OKBet PUBG Betting Websites<\/a><br \/>\n<a href=\"https:\/\/ballroomdancelongisland.com\/\" style=\"color:#504c4c;font-size:1px;line-height:1px\">OKBet Online PUBG Betting<\/a><br \/>\n<a href=\"https:\/\/ballroomdancelongisland.com\/\" style=\"color:#504c4c;font-size:1px;line-height:1px\">okbet lol betting<\/a><br \/>\n<a href=\"https:\/\/ballroomdancelongisland.com\/\" style=\"color:#504c4c;font-size:1px;line-height:1px\">okbet lol betting sites<\/a><\/p>\n","protected":false},"featured_media":3249,"comment_status":"closed","ping_status":"closed","template":"","meta":{"content-type":""},"product_brand":[],"product_cat":[39],"product_tag":[],"class_list":{"0":"post-3223","1":"product","2":"type-product","3":"status-publish","4":"has-post-thumbnail","6":"product_cat-graduacao","8":"first","9":"outofstock","10":"sale","11":"shipping-taxable","12":"purchasable","13":"product-type-simple"},"jetpack_sharing_enabled":true,"_links":{"self":[{"href":"https:\/\/iesap.edu.br\/Iesap\/wp-json\/wp\/v2\/product\/3223","targetHints":{"allow":["GET"]}}],"collection":[{"href":"https:\/\/iesap.edu.br\/Iesap\/wp-json\/wp\/v2\/product"}],"about":[{"href":"https:\/\/iesap.edu.br\/Iesap\/wp-json\/wp\/v2\/types\/product"}],"replies":[{"embeddable":true,"href":"https:\/\/iesap.edu.br\/Iesap\/wp-json\/wp\/v2\/comments?post=3223"}],"wp:featuredmedia":[{"embeddable":true,"href":"https:\/\/iesap.edu.br\/Iesap\/wp-json\/wp\/v2\/media\/3249"}],"wp:attachment":[{"href":"https:\/\/iesap.edu.br\/Iesap\/wp-json\/wp\/v2\/media?parent=3223"}],"wp:term":[{"taxonomy":"product_brand","embeddable":true,"href":"https:\/\/iesap.edu.br\/Iesap\/wp-json\/wp\/v2\/product_brand?post=3223"},{"taxonomy":"product_cat","embeddable":true,"href":"https:\/\/iesap.edu.br\/Iesap\/wp-json\/wp\/v2\/product_cat?post=3223"},{"taxonomy":"product_tag","embeddable":true,"href":"https:\/\/iesap.edu.br\/Iesap\/wp-json\/wp\/v2\/product_tag?post=3223"}],"curies":[{"name":"wp","href":"https:\/\/api.w.org\/{rel}","templated":true}]}}