{"id":3213,"date":"2024-02-29T12:43:18","date_gmt":"2024-02-29T12:43:18","guid":{"rendered":"https:\/\/iesap.edu.br\/Iesap\/?post_type=product&#038;p=3213"},"modified":"2024-02-29T12:44:01","modified_gmt":"2024-02-29T12:44:01","slug":"educacao-especial-e-inclusiva","status":"publish","type":"product","link":"https:\/\/iesap.edu.br\/Iesap\/produto\/educacao-especial-e-inclusiva\/","title":{"rendered":"Educa\u00e7\u00e3o Especial e Inclusiva"},"content":{"rendered":"","protected":false},"excerpt":{"rendered":"<p>O curso de P\u00f3s-gradua\u00e7\u00e3o em Educa\u00e7\u00e3o Inclusiva e Especial tem como objetivo capacitar o profissional a promover a integra\u00e7\u00e3o entre todas as crian\u00e7as, atrav\u00e9s de m\u00e9todos pedag\u00f3gicos, criando um rico ambiente de aprendizado de apoio. O objetivo \u00e9 eliminar obst\u00e1culos que limitam a aprendizagem e participa\u00e7\u00e3o no processo educativo.em<\/p>\n","protected":false},"featured_media":3013,"comment_status":"closed","ping_status":"closed","template":"","meta":{"content-type":""},"product_brand":[],"product_cat":[40],"product_tag":[],"class_list":{"0":"post-3213","1":"product","2":"type-product","3":"status-publish","4":"has-post-thumbnail","6":"product_cat-pos-graduacao","8":"first","9":"instock","10":"sale","11":"shipping-taxable","12":"purchasable","13":"product-type-variable"},"jetpack_sharing_enabled":true,"_links":{"self":[{"href":"https:\/\/iesap.edu.br\/Iesap\/wp-json\/wp\/v2\/product\/3213","targetHints":{"allow":["GET"]}}],"collection":[{"href":"https:\/\/iesap.edu.br\/Iesap\/wp-json\/wp\/v2\/product"}],"about":[{"href":"https:\/\/iesap.edu.br\/Iesap\/wp-json\/wp\/v2\/types\/product"}],"replies":[{"embeddable":true,"href":"https:\/\/iesap.edu.br\/Iesap\/wp-json\/wp\/v2\/comments?post=3213"}],"wp:featuredmedia":[{"embeddable":true,"href":"https:\/\/iesap.edu.br\/Iesap\/wp-json\/wp\/v2\/media\/3013"}],"wp:attachment":[{"href":"https:\/\/iesap.edu.br\/Iesap\/wp-json\/wp\/v2\/media?parent=3213"}],"wp:term":[{"taxonomy":"product_brand","embeddable":true,"href":"https:\/\/iesap.edu.br\/Iesap\/wp-json\/wp\/v2\/product_brand?post=3213"},{"taxonomy":"product_cat","embeddable":true,"href":"https:\/\/iesap.edu.br\/Iesap\/wp-json\/wp\/v2\/product_cat?post=3213"},{"taxonomy":"product_tag","embeddable":true,"href":"https:\/\/iesap.edu.br\/Iesap\/wp-json\/wp\/v2\/product_tag?post=3213"}],"curies":[{"name":"wp","href":"https:\/\/api.w.org\/{rel}","templated":true}]}}