{"id":3211,"date":"2024-02-29T12:43:18","date_gmt":"2024-02-29T12:43:18","guid":{"rendered":"https:\/\/iesap.edu.br\/Iesap\/?post_type=product&#038;p=3211"},"modified":"2024-02-29T12:44:01","modified_gmt":"2024-02-29T12:44:01","slug":"enfermagem-dermatologica","status":"publish","type":"product","link":"https:\/\/iesap.edu.br\/Iesap\/produto\/enfermagem-dermatologica\/","title":{"rendered":"Enfermagem Dermatol\u00f3gica"},"content":{"rendered":"","protected":false},"excerpt":{"rendered":"<p>Voc\u00ea desenvolver\u00e1 compet\u00eancias e habilidades indispens\u00e1veis para uma pr\u00e1tica profissional no campo da Enfermagem em Dermatologia, considerando as principais necessidades em sa\u00fade. O curso \u00e9 organizado em oito fases que re\u00fanem conhecimentos necess\u00e1rios para a constru\u00e7\u00e3o plena de compet\u00eancias exigidas para a atua\u00e7\u00e3o profissional e utiliza metodologias inovadoras de aprendizagem por projetos, para que o enfermeiro se aproprie e exercite os conhecimentos do campo de atua\u00e7\u00e3o.<\/p>\n","protected":false},"featured_media":3238,"comment_status":"closed","ping_status":"closed","template":"","meta":{"content-type":""},"product_brand":[],"product_cat":[40],"product_tag":[],"class_list":{"0":"post-3211","1":"product","2":"type-product","3":"status-publish","4":"has-post-thumbnail","6":"product_cat-pos-graduacao","8":"first","9":"instock","10":"sale","11":"shipping-taxable","12":"purchasable","13":"product-type-variable"},"jetpack_sharing_enabled":true,"_links":{"self":[{"href":"https:\/\/iesap.edu.br\/Iesap\/wp-json\/wp\/v2\/product\/3211","targetHints":{"allow":["GET"]}}],"collection":[{"href":"https:\/\/iesap.edu.br\/Iesap\/wp-json\/wp\/v2\/product"}],"about":[{"href":"https:\/\/iesap.edu.br\/Iesap\/wp-json\/wp\/v2\/types\/product"}],"replies":[{"embeddable":true,"href":"https:\/\/iesap.edu.br\/Iesap\/wp-json\/wp\/v2\/comments?post=3211"}],"wp:featuredmedia":[{"embeddable":true,"href":"https:\/\/iesap.edu.br\/Iesap\/wp-json\/wp\/v2\/media\/3238"}],"wp:attachment":[{"href":"https:\/\/iesap.edu.br\/Iesap\/wp-json\/wp\/v2\/media?parent=3211"}],"wp:term":[{"taxonomy":"product_brand","embeddable":true,"href":"https:\/\/iesap.edu.br\/Iesap\/wp-json\/wp\/v2\/product_brand?post=3211"},{"taxonomy":"product_cat","embeddable":true,"href":"https:\/\/iesap.edu.br\/Iesap\/wp-json\/wp\/v2\/product_cat?post=3211"},{"taxonomy":"product_tag","embeddable":true,"href":"https:\/\/iesap.edu.br\/Iesap\/wp-json\/wp\/v2\/product_tag?post=3211"}],"curies":[{"name":"wp","href":"https:\/\/api.w.org\/{rel}","templated":true}]}}