{"id":3207,"date":"2024-02-29T12:43:18","date_gmt":"2024-02-29T12:43:18","guid":{"rendered":"https:\/\/iesap.edu.br\/Iesap\/?post_type=product&#038;p=3207"},"modified":"2024-02-29T12:43:39","modified_gmt":"2024-02-29T12:43:39","slug":"geografia-digital","status":"publish","type":"product","link":"https:\/\/iesap.edu.br\/Iesap\/produto\/geografia-digital\/","title":{"rendered":"Geografia (Digital)"},"content":{"rendered":"","protected":false},"excerpt":{"rendered":"<p>O curso tem como objetivo contribuir com a forma\u00e7\u00e3o de profissionais que possam interferir na (trans)forma\u00e7\u00e3o da sociedade, em busca de um ambiente equilibrado e um maior envolvimento nas quest\u00f5es sociais, econ\u00f4micas, pol\u00edticas e ambientais.<\/p>\n","protected":false},"featured_media":3236,"comment_status":"closed","ping_status":"closed","template":"","meta":{"content-type":""},"product_brand":[],"product_cat":[39],"product_tag":[],"class_list":{"0":"post-3207","1":"product","2":"type-product","3":"status-publish","4":"has-post-thumbnail","6":"product_cat-graduacao","8":"first","9":"instock","10":"sale","11":"sold-individually","12":"shipping-taxable","13":"purchasable","14":"product-type-variable"},"jetpack_sharing_enabled":true,"_links":{"self":[{"href":"https:\/\/iesap.edu.br\/Iesap\/wp-json\/wp\/v2\/product\/3207","targetHints":{"allow":["GET"]}}],"collection":[{"href":"https:\/\/iesap.edu.br\/Iesap\/wp-json\/wp\/v2\/product"}],"about":[{"href":"https:\/\/iesap.edu.br\/Iesap\/wp-json\/wp\/v2\/types\/product"}],"replies":[{"embeddable":true,"href":"https:\/\/iesap.edu.br\/Iesap\/wp-json\/wp\/v2\/comments?post=3207"}],"wp:featuredmedia":[{"embeddable":true,"href":"https:\/\/iesap.edu.br\/Iesap\/wp-json\/wp\/v2\/media\/3236"}],"wp:attachment":[{"href":"https:\/\/iesap.edu.br\/Iesap\/wp-json\/wp\/v2\/media?parent=3207"}],"wp:term":[{"taxonomy":"product_brand","embeddable":true,"href":"https:\/\/iesap.edu.br\/Iesap\/wp-json\/wp\/v2\/product_brand?post=3207"},{"taxonomy":"product_cat","embeddable":true,"href":"https:\/\/iesap.edu.br\/Iesap\/wp-json\/wp\/v2\/product_cat?post=3207"},{"taxonomy":"product_tag","embeddable":true,"href":"https:\/\/iesap.edu.br\/Iesap\/wp-json\/wp\/v2\/product_tag?post=3207"}],"curies":[{"name":"wp","href":"https:\/\/api.w.org\/{rel}","templated":true}]}}