{"id":3188,"date":"2024-02-29T12:42:51","date_gmt":"2024-02-29T12:42:51","guid":{"rendered":"https:\/\/iesap.edu.br\/Iesap\/?post_type=product&#038;p=3188"},"modified":"2024-02-29T12:43:16","modified_gmt":"2024-02-29T12:43:16","slug":"engenharia-da-computacao-digital","status":"publish","type":"product","link":"https:\/\/iesap.edu.br\/Iesap\/produto\/engenharia-da-computacao-digital\/","title":{"rendered":"Engenharia da Computa\u00e7\u00e3o (Digital)"},"content":{"rendered":"","protected":false},"excerpt":{"rendered":"<p>O curso de Engenharia de Computa\u00e7\u00e3o da Celso Lisboa, possui forte embasamento nas quest\u00f5es que envolvem desenvolvimento, se preocupando tamb\u00e9m em dar ao estudante a forma\u00e7\u00e3o necess\u00e1ria para entender a import\u00e2ncia de atender e estudar o mercado quanto aos pr\u00e9-requisitos de eventuais solu\u00e7\u00f5es. Para tal, como diferenciais, o curso de Engenharia de Computa\u00e7\u00e3o permite ao estudante a utiliza\u00e7\u00e3o dos laborat\u00f3rios virtuais, bem como um corpo docente totalmente composto por mestres e doutores e totalmente conectado com o mercado de trabalho.<\/p>\n","protected":false},"featured_media":3204,"comment_status":"closed","ping_status":"closed","template":"","meta":{"content-type":""},"product_brand":[],"product_cat":[39],"product_tag":[],"class_list":{"0":"post-3188","1":"product","2":"type-product","3":"status-publish","4":"has-post-thumbnail","6":"product_cat-graduacao","8":"first","9":"instock","10":"sale","11":"sold-individually","12":"shipping-taxable","13":"purchasable","14":"product-type-variable"},"jetpack_sharing_enabled":true,"_links":{"self":[{"href":"https:\/\/iesap.edu.br\/Iesap\/wp-json\/wp\/v2\/product\/3188","targetHints":{"allow":["GET"]}}],"collection":[{"href":"https:\/\/iesap.edu.br\/Iesap\/wp-json\/wp\/v2\/product"}],"about":[{"href":"https:\/\/iesap.edu.br\/Iesap\/wp-json\/wp\/v2\/types\/product"}],"replies":[{"embeddable":true,"href":"https:\/\/iesap.edu.br\/Iesap\/wp-json\/wp\/v2\/comments?post=3188"}],"wp:featuredmedia":[{"embeddable":true,"href":"https:\/\/iesap.edu.br\/Iesap\/wp-json\/wp\/v2\/media\/3204"}],"wp:attachment":[{"href":"https:\/\/iesap.edu.br\/Iesap\/wp-json\/wp\/v2\/media?parent=3188"}],"wp:term":[{"taxonomy":"product_brand","embeddable":true,"href":"https:\/\/iesap.edu.br\/Iesap\/wp-json\/wp\/v2\/product_brand?post=3188"},{"taxonomy":"product_cat","embeddable":true,"href":"https:\/\/iesap.edu.br\/Iesap\/wp-json\/wp\/v2\/product_cat?post=3188"},{"taxonomy":"product_tag","embeddable":true,"href":"https:\/\/iesap.edu.br\/Iesap\/wp-json\/wp\/v2\/product_tag?post=3188"}],"curies":[{"name":"wp","href":"https:\/\/api.w.org\/{rel}","templated":true}]}}