{"id":3184,"date":"2024-02-29T12:42:51","date_gmt":"2024-02-29T12:42:51","guid":{"rendered":"https:\/\/iesap.edu.br\/Iesap\/?post_type=product&#038;p=3184"},"modified":"2024-02-29T12:43:16","modified_gmt":"2024-02-29T12:43:16","slug":"ciencias-contabeis-digital","status":"publish","type":"product","link":"https:\/\/iesap.edu.br\/Iesap\/produto\/ciencias-contabeis-digital\/","title":{"rendered":"Ci\u00eancias Cont\u00e1beis (Digital)"},"content":{"rendered":"","protected":false},"excerpt":{"rendered":"<p>O curso de Ci\u00eancias Cont\u00e1beis garante a forma\u00e7\u00e3o que qualquer profissional da \u00e1rea de neg\u00f3cios precisa desenvolver e explora as trilhas de carreira e atua\u00e7\u00e3o de um contador, incluindo a elabora\u00e7\u00e3o das demonstra\u00e7\u00f5es financeiras, rotinas de departamento de pessoal, apura\u00e7\u00e3o de tributos e planejamento tribut\u00e1rio, contabilidade gerencial e administra\u00e7\u00e3o financeira e or\u00e7ament\u00e1ria de empresas, contabilidade p\u00fablica, per\u00edcia cont\u00e1bil e auditoria.<\/p>\n","protected":false},"featured_media":3202,"comment_status":"closed","ping_status":"closed","template":"","meta":{"content-type":""},"product_brand":[],"product_cat":[39],"product_tag":[],"class_list":{"0":"post-3184","1":"product","2":"type-product","3":"status-publish","4":"has-post-thumbnail","6":"product_cat-graduacao","8":"first","9":"instock","10":"sale","11":"sold-individually","12":"shipping-taxable","13":"purchasable","14":"product-type-variable"},"jetpack_sharing_enabled":true,"_links":{"self":[{"href":"https:\/\/iesap.edu.br\/Iesap\/wp-json\/wp\/v2\/product\/3184","targetHints":{"allow":["GET"]}}],"collection":[{"href":"https:\/\/iesap.edu.br\/Iesap\/wp-json\/wp\/v2\/product"}],"about":[{"href":"https:\/\/iesap.edu.br\/Iesap\/wp-json\/wp\/v2\/types\/product"}],"replies":[{"embeddable":true,"href":"https:\/\/iesap.edu.br\/Iesap\/wp-json\/wp\/v2\/comments?post=3184"}],"wp:featuredmedia":[{"embeddable":true,"href":"https:\/\/iesap.edu.br\/Iesap\/wp-json\/wp\/v2\/media\/3202"}],"wp:attachment":[{"href":"https:\/\/iesap.edu.br\/Iesap\/wp-json\/wp\/v2\/media?parent=3184"}],"wp:term":[{"taxonomy":"product_brand","embeddable":true,"href":"https:\/\/iesap.edu.br\/Iesap\/wp-json\/wp\/v2\/product_brand?post=3184"},{"taxonomy":"product_cat","embeddable":true,"href":"https:\/\/iesap.edu.br\/Iesap\/wp-json\/wp\/v2\/product_cat?post=3184"},{"taxonomy":"product_tag","embeddable":true,"href":"https:\/\/iesap.edu.br\/Iesap\/wp-json\/wp\/v2\/product_tag?post=3184"}],"curies":[{"name":"wp","href":"https:\/\/api.w.org\/{rel}","templated":true}]}}