{"id":3182,"date":"2024-02-29T12:42:51","date_gmt":"2024-02-29T12:42:51","guid":{"rendered":"https:\/\/iesap.edu.br\/Iesap\/?post_type=product&#038;p=3182"},"modified":"2024-02-29T12:43:16","modified_gmt":"2024-02-29T12:43:16","slug":"psicopedagogia-institucional","status":"publish","type":"product","link":"https:\/\/iesap.edu.br\/Iesap\/produto\/psicopedagogia-institucional\/","title":{"rendered":"Psicopedagogia Institucional"},"content":{"rendered":"","protected":false},"excerpt":{"rendered":"<p>Desenvolvimento profissional para atua\u00e7\u00e3o na \u00e1rea organizacional como em institui\u00e7\u00f5es de ensino, empresas sendo respons\u00e1vel por brinquedotecas da \u00e1rea Pedi\u00e1trica Hospitalar. Estudo da aprendizagem e das dificuldades no processo educacional. Conhecimento t\u00e9cnico-cient\u00edfico para a atua\u00e7\u00e3o como Psicopedagogo Institucional. Pontos de Fundamenta\u00e7\u00e3o: Aspectos \u00e9ticos legais de acordo com o c\u00f3digo de \u00c9tica do Psicopedagogo. Aspectos prevencionistas e intervencionistas do Psicopedagogo Institucional. Leitura e escritura. Psicomotricidade e lucidade. Correla\u00e7\u00e3o da Psicopatologia \u00e0s dificuldades de aprendizagem. Provas e testes para o diagn\u00f3stico hipot\u00e9tico. An\u00e1lise quantitativa e qualitativa personificada.<\/p>\n","protected":false},"featured_media":3201,"comment_status":"closed","ping_status":"closed","template":"","meta":{"content-type":""},"product_brand":[],"product_cat":[40],"product_tag":[],"class_list":{"0":"post-3182","1":"product","2":"type-product","3":"status-publish","4":"has-post-thumbnail","6":"product_cat-pos-graduacao","8":"first","9":"instock","10":"sale","11":"shipping-taxable","12":"purchasable","13":"product-type-variable"},"jetpack_sharing_enabled":true,"_links":{"self":[{"href":"https:\/\/iesap.edu.br\/Iesap\/wp-json\/wp\/v2\/product\/3182","targetHints":{"allow":["GET"]}}],"collection":[{"href":"https:\/\/iesap.edu.br\/Iesap\/wp-json\/wp\/v2\/product"}],"about":[{"href":"https:\/\/iesap.edu.br\/Iesap\/wp-json\/wp\/v2\/types\/product"}],"replies":[{"embeddable":true,"href":"https:\/\/iesap.edu.br\/Iesap\/wp-json\/wp\/v2\/comments?post=3182"}],"wp:featuredmedia":[{"embeddable":true,"href":"https:\/\/iesap.edu.br\/Iesap\/wp-json\/wp\/v2\/media\/3201"}],"wp:attachment":[{"href":"https:\/\/iesap.edu.br\/Iesap\/wp-json\/wp\/v2\/media?parent=3182"}],"wp:term":[{"taxonomy":"product_brand","embeddable":true,"href":"https:\/\/iesap.edu.br\/Iesap\/wp-json\/wp\/v2\/product_brand?post=3182"},{"taxonomy":"product_cat","embeddable":true,"href":"https:\/\/iesap.edu.br\/Iesap\/wp-json\/wp\/v2\/product_cat?post=3182"},{"taxonomy":"product_tag","embeddable":true,"href":"https:\/\/iesap.edu.br\/Iesap\/wp-json\/wp\/v2\/product_tag?post=3182"}],"curies":[{"name":"wp","href":"https:\/\/api.w.org\/{rel}","templated":true}]}}