{"id":3180,"date":"2024-02-29T12:42:51","date_gmt":"2024-02-29T12:42:51","guid":{"rendered":"https:\/\/iesap.edu.br\/Iesap\/?post_type=product&#038;p=3180"},"modified":"2024-02-29T12:43:16","modified_gmt":"2024-02-29T12:43:16","slug":"mba-executivo-em-gestao-empresarial-2","status":"publish","type":"product","link":"https:\/\/iesap.edu.br\/Iesap\/produto\/mba-executivo-em-gestao-empresarial-2\/","title":{"rendered":"MBA Executivo em Gest\u00e3o Empresarial"},"content":{"rendered":"","protected":false},"excerpt":{"rendered":"<p>Voc\u00ea ser\u00e1 preparado a ter uma vis\u00e3o global do neg\u00f3cio e vis\u00e3o estrat\u00e9gica de mercado, al\u00e9m de desenvolver compet\u00eancias t\u00e9cnicas e gerenciais, fundamentais para o sucesso na gest\u00e3o das organiza\u00e7\u00f5es. Ao final, do curso os estudantes estar\u00e3o aptos a criar Planos de Neg\u00f3cios e Planos Estrat\u00e9gicos podendo atuar como gestores e consultores empresariais.<\/p>\n","protected":false},"featured_media":3035,"comment_status":"closed","ping_status":"closed","template":"","meta":{"content-type":""},"product_brand":[],"product_cat":[40],"product_tag":[],"class_list":{"0":"post-3180","1":"product","2":"type-product","3":"status-publish","4":"has-post-thumbnail","6":"product_cat-pos-graduacao","8":"first","9":"instock","10":"sale","11":"sold-individually","12":"shipping-taxable","13":"purchasable","14":"product-type-variable"},"jetpack_sharing_enabled":true,"_links":{"self":[{"href":"https:\/\/iesap.edu.br\/Iesap\/wp-json\/wp\/v2\/product\/3180","targetHints":{"allow":["GET"]}}],"collection":[{"href":"https:\/\/iesap.edu.br\/Iesap\/wp-json\/wp\/v2\/product"}],"about":[{"href":"https:\/\/iesap.edu.br\/Iesap\/wp-json\/wp\/v2\/types\/product"}],"replies":[{"embeddable":true,"href":"https:\/\/iesap.edu.br\/Iesap\/wp-json\/wp\/v2\/comments?post=3180"}],"wp:featuredmedia":[{"embeddable":true,"href":"https:\/\/iesap.edu.br\/Iesap\/wp-json\/wp\/v2\/media\/3035"}],"wp:attachment":[{"href":"https:\/\/iesap.edu.br\/Iesap\/wp-json\/wp\/v2\/media?parent=3180"}],"wp:term":[{"taxonomy":"product_brand","embeddable":true,"href":"https:\/\/iesap.edu.br\/Iesap\/wp-json\/wp\/v2\/product_brand?post=3180"},{"taxonomy":"product_cat","embeddable":true,"href":"https:\/\/iesap.edu.br\/Iesap\/wp-json\/wp\/v2\/product_cat?post=3180"},{"taxonomy":"product_tag","embeddable":true,"href":"https:\/\/iesap.edu.br\/Iesap\/wp-json\/wp\/v2\/product_tag?post=3180"}],"curies":[{"name":"wp","href":"https:\/\/api.w.org\/{rel}","templated":true}]}}