{"id":3164,"date":"2024-02-29T12:42:50","date_gmt":"2024-02-29T12:42:50","guid":{"rendered":"https:\/\/iesap.edu.br\/Iesap\/?post_type=product&#038;p=3164"},"modified":"2024-02-29T12:43:16","modified_gmt":"2024-02-29T12:43:16","slug":"gestao-estrategica-educacional","status":"publish","type":"product","link":"https:\/\/iesap.edu.br\/Iesap\/produto\/gestao-estrategica-educacional\/","title":{"rendered":"Gest\u00e3o Estrat\u00e9gica Educacional"},"content":{"rendered":"","protected":false},"excerpt":{"rendered":"<p>Desenvolvimento de profissionais da Educa\u00e7\u00e3o para atua\u00e7\u00e3o em tr\u00eas eixos: Dire\u00e7\u00e3o\/Administra\u00e7\u00e3o; Coordena\u00e7\u00e3o Pedag\u00f3gica e Supervis\u00e3o Escolar. Conhecimento sobre aspectos, Administrativos, Financeiros e Recursos Humanos. Percep\u00e7\u00e3o Sistem\u00e1tica da aplicabilidade das Pol\u00edticas P\u00fablicas Educacionais. Solu\u00e7\u00e3o de Conflitos e Problemas. Pontos de Fundamenta\u00e7\u00e3o: Recursos did\u00e1tico-pedag\u00f3gicos contempor\u00e2neos e atrativos mediados pela Tecnologia da Informa\u00e7\u00e3o e Comunica\u00e7\u00e3o. Habilidades sensoriais no processo de aprendizagem. Planejamento Estrat\u00e9gico Educacional. Ciclo de Melhoria PDCA. Estrat\u00e9gias de Marketing na Educa\u00e7\u00e3o. Markerting Digital. Mem\u00f3ria Cultural como fator condicionante ao comportamento humano. Forma\u00e7\u00e3o Docente Continua mediada por Redes Interconetadas e Humanas. Projeto Pol\u00edtico Pedag\u00f3gico (PPP) como base para a excel\u00eancia na educa\u00e7\u00e3o.<\/p>\n","protected":false},"featured_media":3194,"comment_status":"closed","ping_status":"closed","template":"","meta":{"content-type":""},"product_brand":[],"product_cat":[40],"product_tag":[],"class_list":{"0":"post-3164","1":"product","2":"type-product","3":"status-publish","4":"has-post-thumbnail","6":"product_cat-pos-graduacao","8":"first","9":"instock","10":"sale","11":"shipping-taxable","12":"purchasable","13":"product-type-variable"},"jetpack_sharing_enabled":true,"_links":{"self":[{"href":"https:\/\/iesap.edu.br\/Iesap\/wp-json\/wp\/v2\/product\/3164","targetHints":{"allow":["GET"]}}],"collection":[{"href":"https:\/\/iesap.edu.br\/Iesap\/wp-json\/wp\/v2\/product"}],"about":[{"href":"https:\/\/iesap.edu.br\/Iesap\/wp-json\/wp\/v2\/types\/product"}],"replies":[{"embeddable":true,"href":"https:\/\/iesap.edu.br\/Iesap\/wp-json\/wp\/v2\/comments?post=3164"}],"wp:featuredmedia":[{"embeddable":true,"href":"https:\/\/iesap.edu.br\/Iesap\/wp-json\/wp\/v2\/media\/3194"}],"wp:attachment":[{"href":"https:\/\/iesap.edu.br\/Iesap\/wp-json\/wp\/v2\/media?parent=3164"}],"wp:term":[{"taxonomy":"product_brand","embeddable":true,"href":"https:\/\/iesap.edu.br\/Iesap\/wp-json\/wp\/v2\/product_brand?post=3164"},{"taxonomy":"product_cat","embeddable":true,"href":"https:\/\/iesap.edu.br\/Iesap\/wp-json\/wp\/v2\/product_cat?post=3164"},{"taxonomy":"product_tag","embeddable":true,"href":"https:\/\/iesap.edu.br\/Iesap\/wp-json\/wp\/v2\/product_tag?post=3164"}],"curies":[{"name":"wp","href":"https:\/\/api.w.org\/{rel}","templated":true}]}}