{"id":3143,"date":"2024-02-29T12:42:31","date_gmt":"2024-02-29T12:42:31","guid":{"rendered":"https:\/\/iesap.edu.br\/Iesap\/?post_type=product&#038;p=3143"},"modified":"2024-02-29T12:42:49","modified_gmt":"2024-02-29T12:42:49","slug":"gestao-estrategica-com-enfase-em-operacoes","status":"publish","type":"product","link":"https:\/\/iesap.edu.br\/Iesap\/produto\/gestao-estrategica-com-enfase-em-operacoes\/","title":{"rendered":"Gest\u00e3o Estrat\u00e9gica com \u00canfase em Opera\u00e7\u00f5es"},"content":{"rendered":"","protected":false},"excerpt":{"rendered":"<p>O curso de P\u00f3s-gradua\u00e7\u00e3o em Gest\u00e3o Estrat\u00e9gica com \u00eanfase em Opera\u00e7\u00f5es tem como objetivo capacitar o profissional atrav\u00e9s de conhecimentos espec\u00edficos em estrat\u00e9gia e opera\u00e7\u00e3o de log\u00edstica, incluindo a habilidade de racioc\u00ednio l\u00f3gico, vis\u00e3o estrat\u00e9gica e sist\u00eamica, desenvolvimento proativo e senso cr\u00edtico, tendo como objetivo a expans\u00e3o da estrutura comercial da empresa.<\/p>\n","protected":false},"featured_media":3161,"comment_status":"closed","ping_status":"closed","template":"","meta":{"content-type":""},"product_brand":[],"product_cat":[40],"product_tag":[],"class_list":{"0":"post-3143","1":"product","2":"type-product","3":"status-publish","4":"has-post-thumbnail","6":"product_cat-pos-graduacao","8":"first","9":"instock","10":"sale","11":"shipping-taxable","12":"purchasable","13":"product-type-variable"},"jetpack_sharing_enabled":true,"_links":{"self":[{"href":"https:\/\/iesap.edu.br\/Iesap\/wp-json\/wp\/v2\/product\/3143","targetHints":{"allow":["GET"]}}],"collection":[{"href":"https:\/\/iesap.edu.br\/Iesap\/wp-json\/wp\/v2\/product"}],"about":[{"href":"https:\/\/iesap.edu.br\/Iesap\/wp-json\/wp\/v2\/types\/product"}],"replies":[{"embeddable":true,"href":"https:\/\/iesap.edu.br\/Iesap\/wp-json\/wp\/v2\/comments?post=3143"}],"wp:featuredmedia":[{"embeddable":true,"href":"https:\/\/iesap.edu.br\/Iesap\/wp-json\/wp\/v2\/media\/3161"}],"wp:attachment":[{"href":"https:\/\/iesap.edu.br\/Iesap\/wp-json\/wp\/v2\/media?parent=3143"}],"wp:term":[{"taxonomy":"product_brand","embeddable":true,"href":"https:\/\/iesap.edu.br\/Iesap\/wp-json\/wp\/v2\/product_brand?post=3143"},{"taxonomy":"product_cat","embeddable":true,"href":"https:\/\/iesap.edu.br\/Iesap\/wp-json\/wp\/v2\/product_cat?post=3143"},{"taxonomy":"product_tag","embeddable":true,"href":"https:\/\/iesap.edu.br\/Iesap\/wp-json\/wp\/v2\/product_tag?post=3143"}],"curies":[{"name":"wp","href":"https:\/\/api.w.org\/{rel}","templated":true}]}}