{"id":3134,"date":"2024-02-29T12:42:30","date_gmt":"2024-02-29T12:42:30","guid":{"rendered":"https:\/\/iesap.edu.br\/Iesap\/?post_type=product&#038;p=3134"},"modified":"2024-02-29T12:42:48","modified_gmt":"2024-02-29T12:42:48","slug":"gestao-escolar-e-lideranca","status":"publish","type":"product","link":"https:\/\/iesap.edu.br\/Iesap\/produto\/gestao-escolar-e-lideranca\/","title":{"rendered":"Gest\u00e3o Escolar e Lideran\u00e7a"},"content":{"rendered":"","protected":false},"excerpt":{"rendered":"<p>Ampliar a capacidade de interven\u00e7\u00e3o dos profissionais que atuam na gest\u00e3o escolar no que diz respeito aos processos administrativos, pedag\u00f3gicos e financeiros; Desenvolver novas compet\u00eancias e habilidades, na perspectiva da lideran\u00e7a educativa, para elabora\u00e7\u00e3o e implementa\u00e7\u00e3o de estrat\u00e9gias de acompanhamento escolar e de forma\u00e7\u00e3o continuada no cotidiano da escolar; implementar estrat\u00e9gias de gest\u00e3o participativa.<\/p>\n","protected":false},"featured_media":3156,"comment_status":"closed","ping_status":"closed","template":"","meta":{"content-type":""},"product_brand":[],"product_cat":[40],"product_tag":[],"class_list":{"0":"post-3134","1":"product","2":"type-product","3":"status-publish","4":"has-post-thumbnail","6":"product_cat-pos-graduacao","8":"first","9":"instock","10":"sale","11":"shipping-taxable","12":"purchasable","13":"product-type-variable"},"jetpack_sharing_enabled":true,"_links":{"self":[{"href":"https:\/\/iesap.edu.br\/Iesap\/wp-json\/wp\/v2\/product\/3134","targetHints":{"allow":["GET"]}}],"collection":[{"href":"https:\/\/iesap.edu.br\/Iesap\/wp-json\/wp\/v2\/product"}],"about":[{"href":"https:\/\/iesap.edu.br\/Iesap\/wp-json\/wp\/v2\/types\/product"}],"replies":[{"embeddable":true,"href":"https:\/\/iesap.edu.br\/Iesap\/wp-json\/wp\/v2\/comments?post=3134"}],"wp:featuredmedia":[{"embeddable":true,"href":"https:\/\/iesap.edu.br\/Iesap\/wp-json\/wp\/v2\/media\/3156"}],"wp:attachment":[{"href":"https:\/\/iesap.edu.br\/Iesap\/wp-json\/wp\/v2\/media?parent=3134"}],"wp:term":[{"taxonomy":"product_brand","embeddable":true,"href":"https:\/\/iesap.edu.br\/Iesap\/wp-json\/wp\/v2\/product_brand?post=3134"},{"taxonomy":"product_cat","embeddable":true,"href":"https:\/\/iesap.edu.br\/Iesap\/wp-json\/wp\/v2\/product_cat?post=3134"},{"taxonomy":"product_tag","embeddable":true,"href":"https:\/\/iesap.edu.br\/Iesap\/wp-json\/wp\/v2\/product_tag?post=3134"}],"curies":[{"name":"wp","href":"https:\/\/api.w.org\/{rel}","templated":true}]}}