{"id":3130,"date":"2024-02-29T12:42:30","date_gmt":"2024-02-29T12:42:30","guid":{"rendered":"https:\/\/iesap.edu.br\/Iesap\/?post_type=product&#038;p=3130"},"modified":"2024-02-29T12:42:48","modified_gmt":"2024-02-29T12:42:48","slug":"gestao-eficaz-de-projetos","status":"publish","type":"product","link":"https:\/\/iesap.edu.br\/Iesap\/produto\/gestao-eficaz-de-projetos\/","title":{"rendered":"Gest\u00e3o Eficaz de Projetos"},"content":{"rendered":"","protected":false},"excerpt":{"rendered":"<p>O curso de p\u00f3s gradua\u00e7\u00e3o em Gest\u00e3o Eficaz de Projetos tem por objetivo geral fornecer ao futuro profissional de GP o ferramental metodol\u00f3gico e tecnol\u00f3gico necess\u00e1rio para o alcance de resultados alinhados aos pilares do projeto, a saber, o escopo, o prazo e o custo. Tem por objetivos espec\u00edficos preparar esse futuro profissional ao uso de an\u00e1lise cr\u00edtica que avance para al\u00e9m dos interesses secund\u00e1rios e\/ou divergentes de pessoas e\/ou grupos, que contaminam a gest\u00e3o do projeto e levam aos fracassos recorrentes de prazo, custo e por vezes, da incompletude do escopo bem como preparar o futuro profissional a uma vis\u00e3o sist\u00eamica que alinha os interesses dos investidores expressos no plano de projeto \u00e0s necessidades dos atores sociais que ser\u00e3o impactados pelo projeto em quest\u00e3o. Desse modo, o curso de p\u00f3s gradua\u00e7\u00e3o em Gest\u00e3o Eficaz de Projetos conduzir\u00e1 o futuro profissional a cumprir concienciosamente o papel do engenheiro sob a \u00f3tica da promo\u00e7\u00e3o do desenvolvimento econ\u00f4mico tendo em vista o respeito ao ser humano, \u00e0 natureza, \u00e0 vida.<\/p>\n","protected":false},"featured_media":3154,"comment_status":"closed","ping_status":"closed","template":"","meta":{"content-type":""},"product_brand":[],"product_cat":[40],"product_tag":[],"class_list":{"0":"post-3130","1":"product","2":"type-product","3":"status-publish","4":"has-post-thumbnail","6":"product_cat-pos-graduacao","8":"first","9":"instock","10":"sale","11":"shipping-taxable","12":"purchasable","13":"product-type-variable"},"jetpack_sharing_enabled":true,"_links":{"self":[{"href":"https:\/\/iesap.edu.br\/Iesap\/wp-json\/wp\/v2\/product\/3130","targetHints":{"allow":["GET"]}}],"collection":[{"href":"https:\/\/iesap.edu.br\/Iesap\/wp-json\/wp\/v2\/product"}],"about":[{"href":"https:\/\/iesap.edu.br\/Iesap\/wp-json\/wp\/v2\/types\/product"}],"replies":[{"embeddable":true,"href":"https:\/\/iesap.edu.br\/Iesap\/wp-json\/wp\/v2\/comments?post=3130"}],"wp:featuredmedia":[{"embeddable":true,"href":"https:\/\/iesap.edu.br\/Iesap\/wp-json\/wp\/v2\/media\/3154"}],"wp:attachment":[{"href":"https:\/\/iesap.edu.br\/Iesap\/wp-json\/wp\/v2\/media?parent=3130"}],"wp:term":[{"taxonomy":"product_brand","embeddable":true,"href":"https:\/\/iesap.edu.br\/Iesap\/wp-json\/wp\/v2\/product_brand?post=3130"},{"taxonomy":"product_cat","embeddable":true,"href":"https:\/\/iesap.edu.br\/Iesap\/wp-json\/wp\/v2\/product_cat?post=3130"},{"taxonomy":"product_tag","embeddable":true,"href":"https:\/\/iesap.edu.br\/Iesap\/wp-json\/wp\/v2\/product_tag?post=3130"}],"curies":[{"name":"wp","href":"https:\/\/api.w.org\/{rel}","templated":true}]}}