{"id":3124,"date":"2024-02-29T12:42:30","date_gmt":"2024-02-29T12:42:30","guid":{"rendered":"https:\/\/iesap.edu.br\/Iesap\/?post_type=product&#038;p=3124"},"modified":"2024-02-29T12:42:48","modified_gmt":"2024-02-29T12:42:48","slug":"gerenciamento-agil-de-projetos","status":"publish","type":"product","link":"https:\/\/iesap.edu.br\/Iesap\/produto\/gerenciamento-agil-de-projetos\/","title":{"rendered":"Gerenciamento \u00c1gil de Projetos"},"content":{"rendered":"","protected":false},"excerpt":{"rendered":"<p>O curso de P\u00f3s-Gradua\u00e7\u00e3o em Gerenciamento \u00c1gil de Projetos tem como objetivo preparar o profissional a conduzir projetos de forma sist\u00eamica e padronizada, planejando e acompanhando projetos de forma \u00e1gil. O profissional ser\u00e1 capaz de atuar em ambientes complexos com uso de recursos inovadores em busca de resultados.<\/p>\n","protected":false},"featured_media":3151,"comment_status":"closed","ping_status":"closed","template":"","meta":{"content-type":""},"product_brand":[],"product_cat":[40],"product_tag":[],"class_list":{"0":"post-3124","1":"product","2":"type-product","3":"status-publish","4":"has-post-thumbnail","6":"product_cat-pos-graduacao","8":"first","9":"instock","10":"sale","11":"shipping-taxable","12":"purchasable","13":"product-type-variable"},"jetpack_sharing_enabled":true,"_links":{"self":[{"href":"https:\/\/iesap.edu.br\/Iesap\/wp-json\/wp\/v2\/product\/3124","targetHints":{"allow":["GET"]}}],"collection":[{"href":"https:\/\/iesap.edu.br\/Iesap\/wp-json\/wp\/v2\/product"}],"about":[{"href":"https:\/\/iesap.edu.br\/Iesap\/wp-json\/wp\/v2\/types\/product"}],"replies":[{"embeddable":true,"href":"https:\/\/iesap.edu.br\/Iesap\/wp-json\/wp\/v2\/comments?post=3124"}],"wp:featuredmedia":[{"embeddable":true,"href":"https:\/\/iesap.edu.br\/Iesap\/wp-json\/wp\/v2\/media\/3151"}],"wp:attachment":[{"href":"https:\/\/iesap.edu.br\/Iesap\/wp-json\/wp\/v2\/media?parent=3124"}],"wp:term":[{"taxonomy":"product_brand","embeddable":true,"href":"https:\/\/iesap.edu.br\/Iesap\/wp-json\/wp\/v2\/product_brand?post=3124"},{"taxonomy":"product_cat","embeddable":true,"href":"https:\/\/iesap.edu.br\/Iesap\/wp-json\/wp\/v2\/product_cat?post=3124"},{"taxonomy":"product_tag","embeddable":true,"href":"https:\/\/iesap.edu.br\/Iesap\/wp-json\/wp\/v2\/product_tag?post=3124"}],"curies":[{"name":"wp","href":"https:\/\/api.w.org\/{rel}","templated":true}]}}