{"id":3122,"date":"2024-02-29T12:42:30","date_gmt":"2024-02-29T12:42:30","guid":{"rendered":"https:\/\/iesap.edu.br\/Iesap\/?post_type=product&#038;p=3122"},"modified":"2024-02-29T12:42:48","modified_gmt":"2024-02-29T12:42:48","slug":"engenharia-de-processos","status":"publish","type":"product","link":"https:\/\/iesap.edu.br\/Iesap\/produto\/engenharia-de-processos\/","title":{"rendered":"Engenharia de Processos"},"content":{"rendered":"","protected":false},"excerpt":{"rendered":"<p>O curso de P\u00f3s-Gradua\u00e7\u00e3o em Engenharia da Qualidade tem como objetivo capacitar o profissional para atuar dentro do processo de produ\u00e7\u00e3o, identificando e reduzindo o desperd\u00edcio em suas diferentes formas. Ele ir\u00e1 atuar em diferentes fases do processo produtivo, visando a gest\u00e3o de qualidade, atrav\u00e9s da implanta\u00e7\u00e3o de sistemas de integra\u00e7\u00e3o.<\/p>\n","protected":false},"featured_media":3150,"comment_status":"closed","ping_status":"closed","template":"","meta":{"content-type":""},"product_brand":[],"product_cat":[40],"product_tag":[],"class_list":{"0":"post-3122","1":"product","2":"type-product","3":"status-publish","4":"has-post-thumbnail","6":"product_cat-pos-graduacao","8":"first","9":"instock","10":"sale","11":"shipping-taxable","12":"purchasable","13":"product-type-variable"},"jetpack_sharing_enabled":true,"_links":{"self":[{"href":"https:\/\/iesap.edu.br\/Iesap\/wp-json\/wp\/v2\/product\/3122","targetHints":{"allow":["GET"]}}],"collection":[{"href":"https:\/\/iesap.edu.br\/Iesap\/wp-json\/wp\/v2\/product"}],"about":[{"href":"https:\/\/iesap.edu.br\/Iesap\/wp-json\/wp\/v2\/types\/product"}],"replies":[{"embeddable":true,"href":"https:\/\/iesap.edu.br\/Iesap\/wp-json\/wp\/v2\/comments?post=3122"}],"wp:featuredmedia":[{"embeddable":true,"href":"https:\/\/iesap.edu.br\/Iesap\/wp-json\/wp\/v2\/media\/3150"}],"wp:attachment":[{"href":"https:\/\/iesap.edu.br\/Iesap\/wp-json\/wp\/v2\/media?parent=3122"}],"wp:term":[{"taxonomy":"product_brand","embeddable":true,"href":"https:\/\/iesap.edu.br\/Iesap\/wp-json\/wp\/v2\/product_brand?post=3122"},{"taxonomy":"product_cat","embeddable":true,"href":"https:\/\/iesap.edu.br\/Iesap\/wp-json\/wp\/v2\/product_cat?post=3122"},{"taxonomy":"product_tag","embeddable":true,"href":"https:\/\/iesap.edu.br\/Iesap\/wp-json\/wp\/v2\/product_tag?post=3122"}],"curies":[{"name":"wp","href":"https:\/\/api.w.org\/{rel}","templated":true}]}}