{"id":3120,"date":"2024-02-29T12:42:30","date_gmt":"2024-02-29T12:42:30","guid":{"rendered":"https:\/\/iesap.edu.br\/Iesap\/?post_type=product&#038;p=3120"},"modified":"2024-02-29T12:42:48","modified_gmt":"2024-02-29T12:42:48","slug":"educacao-especializada-com-enfase-em-deficiencia-intelectual","status":"publish","type":"product","link":"https:\/\/iesap.edu.br\/Iesap\/produto\/educacao-especializada-com-enfase-em-deficiencia-intelectual\/","title":{"rendered":"Educa\u00e7\u00e3o Especializada com \u00canfase em Defici\u00eancia Intelectual"},"content":{"rendered":"","protected":false},"excerpt":{"rendered":"<p>Desenvolvimento de profissional especialista em Educa\u00e7\u00e3o de Pessoas com Defici\u00eancia, em especial Intelectual. Compet\u00eancias em sala de aula como suporte pedag\u00f3gico ao professor no ensino regular. Suporte ao profissional de Atendimento Especializado Educacional (AEE) em contra turno. Fundamenta\u00e7\u00e3o: Aspectos \u00e9ticos e legais na atua\u00e7\u00e3o profissional. Caracter\u00edsticas psicol\u00f3gicas relevantes ao melhora do desempenho escolar. Mem\u00f3ria e linguagem no processo de aprendizagem. Avalia\u00e7\u00e3o Sist\u00eamica. T\u00e9cnicas de interven\u00e7\u00f5es para evolu\u00e7\u00e3o do desenvolvimento humano. Adapta\u00e7\u00e3o curricular.<\/p>\n","protected":false},"featured_media":3149,"comment_status":"closed","ping_status":"closed","template":"","meta":{"content-type":""},"product_brand":[],"product_cat":[40],"product_tag":[],"class_list":{"0":"post-3120","1":"product","2":"type-product","3":"status-publish","4":"has-post-thumbnail","6":"product_cat-pos-graduacao","8":"first","9":"instock","10":"sale","11":"shipping-taxable","12":"purchasable","13":"product-type-variable"},"jetpack_sharing_enabled":true,"_links":{"self":[{"href":"https:\/\/iesap.edu.br\/Iesap\/wp-json\/wp\/v2\/product\/3120","targetHints":{"allow":["GET"]}}],"collection":[{"href":"https:\/\/iesap.edu.br\/Iesap\/wp-json\/wp\/v2\/product"}],"about":[{"href":"https:\/\/iesap.edu.br\/Iesap\/wp-json\/wp\/v2\/types\/product"}],"replies":[{"embeddable":true,"href":"https:\/\/iesap.edu.br\/Iesap\/wp-json\/wp\/v2\/comments?post=3120"}],"wp:featuredmedia":[{"embeddable":true,"href":"https:\/\/iesap.edu.br\/Iesap\/wp-json\/wp\/v2\/media\/3149"}],"wp:attachment":[{"href":"https:\/\/iesap.edu.br\/Iesap\/wp-json\/wp\/v2\/media?parent=3120"}],"wp:term":[{"taxonomy":"product_brand","embeddable":true,"href":"https:\/\/iesap.edu.br\/Iesap\/wp-json\/wp\/v2\/product_brand?post=3120"},{"taxonomy":"product_cat","embeddable":true,"href":"https:\/\/iesap.edu.br\/Iesap\/wp-json\/wp\/v2\/product_cat?post=3120"},{"taxonomy":"product_tag","embeddable":true,"href":"https:\/\/iesap.edu.br\/Iesap\/wp-json\/wp\/v2\/product_tag?post=3120"}],"curies":[{"name":"wp","href":"https:\/\/api.w.org\/{rel}","templated":true}]}}