{"id":3109,"date":"2024-02-29T12:42:22","date_gmt":"2024-02-29T12:42:22","guid":{"rendered":"https:\/\/iesap.edu.br\/Iesap\/?post_type=product&#038;p=3109"},"modified":"2024-02-29T12:43:16","modified_gmt":"2024-02-29T12:43:16","slug":"autismo-transtorno-do-espectro-autista-tea","status":"publish","type":"product","link":"https:\/\/iesap.edu.br\/Iesap\/produto\/autismo-transtorno-do-espectro-autista-tea\/","title":{"rendered":"Autismo &#8211; Transtorno do Espectro Autista (TEA)"},"content":{"rendered":"","protected":false},"excerpt":{"rendered":"<p>Desenvolvimento de profissional especialista a partir da perspectiva neurodesenvolvimental. Fundamentado nos princ\u00edpios da Applied Behavior Analysis (ABA) e do M\u00e9todo Treatment and Education of Austitic and Related Communication-handicappoed Children (TEACCH). Recursos did\u00e1ctico-pedag\u00f3gicos. Compet\u00eancias espec\u00edfricas para atuar com pessoas com Transtorno do Espectro Autista (TEA). Pontos de Fundamenta\u00e7\u00e3o: Aspectos \u00e9ticos e legais. Aplicabilidade das Pol\u00edticas P\u00fablicas ao bem estar no aluno com TEA. Mem\u00f3ria, Linguagem, Pensamento e Emo\u00e7oes como fatores principais no comportamento humano e no desempenho educacuional. Avalia\u00e7\u00e3o mediante aos fatores sensoriais. M\u00e9todos intervencionistas. Adapta\u00e7\u00e3o curricular.<\/p>\n","protected":false},"featured_media":3115,"comment_status":"closed","ping_status":"closed","template":"","meta":{"content-type":""},"product_brand":[],"product_cat":[40],"product_tag":[],"class_list":{"0":"post-3109","1":"product","2":"type-product","3":"status-publish","4":"has-post-thumbnail","6":"product_cat-pos-graduacao","8":"first","9":"instock","10":"sale","11":"shipping-taxable","12":"purchasable","13":"product-type-variable"},"jetpack_sharing_enabled":true,"_links":{"self":[{"href":"https:\/\/iesap.edu.br\/Iesap\/wp-json\/wp\/v2\/product\/3109","targetHints":{"allow":["GET"]}}],"collection":[{"href":"https:\/\/iesap.edu.br\/Iesap\/wp-json\/wp\/v2\/product"}],"about":[{"href":"https:\/\/iesap.edu.br\/Iesap\/wp-json\/wp\/v2\/types\/product"}],"replies":[{"embeddable":true,"href":"https:\/\/iesap.edu.br\/Iesap\/wp-json\/wp\/v2\/comments?post=3109"}],"wp:featuredmedia":[{"embeddable":true,"href":"https:\/\/iesap.edu.br\/Iesap\/wp-json\/wp\/v2\/media\/3115"}],"wp:attachment":[{"href":"https:\/\/iesap.edu.br\/Iesap\/wp-json\/wp\/v2\/media?parent=3109"}],"wp:term":[{"taxonomy":"product_brand","embeddable":true,"href":"https:\/\/iesap.edu.br\/Iesap\/wp-json\/wp\/v2\/product_brand?post=3109"},{"taxonomy":"product_cat","embeddable":true,"href":"https:\/\/iesap.edu.br\/Iesap\/wp-json\/wp\/v2\/product_cat?post=3109"},{"taxonomy":"product_tag","embeddable":true,"href":"https:\/\/iesap.edu.br\/Iesap\/wp-json\/wp\/v2\/product_tag?post=3109"}],"curies":[{"name":"wp","href":"https:\/\/api.w.org\/{rel}","templated":true}]}}