{"id":2995,"date":"2024-02-29T12:39:47","date_gmt":"2024-02-29T12:39:47","guid":{"rendered":"https:\/\/iesap.edu.br\/Iesap\/?post_type=product&#038;p=2995"},"modified":"2024-02-29T12:42:13","modified_gmt":"2024-02-29T12:42:13","slug":"marketing-digital","status":"publish","type":"product","link":"https:\/\/iesap.edu.br\/Iesap\/produto\/marketing-digital\/","title":{"rendered":"Marketing (Digital)"},"content":{"rendered":"","protected":false},"excerpt":{"rendered":"<p>O curso oferece em curta dura\u00e7\u00e3o o desenvolvimento das habilidades necess\u00e1rias para que seja r\u00e1pida a atua\u00e7\u00e3o em empresas de pequeno e grande porte. Seja para desenvolver um planejamento estrat\u00e9gico, gerenciamento de marca, promo\u00e7\u00e3o, pesquisa ou an\u00e1lise de mercado.<\/p>\n","protected":false},"featured_media":3051,"comment_status":"closed","ping_status":"closed","template":"","meta":{"content-type":""},"product_brand":[],"product_cat":[39],"product_tag":[],"class_list":{"0":"post-2995","1":"product","2":"type-product","3":"status-publish","4":"has-post-thumbnail","6":"product_cat-graduacao","8":"first","9":"instock","10":"sale","11":"sold-individually","12":"shipping-taxable","13":"purchasable","14":"product-type-variable"},"jetpack_sharing_enabled":true,"_links":{"self":[{"href":"https:\/\/iesap.edu.br\/Iesap\/wp-json\/wp\/v2\/product\/2995","targetHints":{"allow":["GET"]}}],"collection":[{"href":"https:\/\/iesap.edu.br\/Iesap\/wp-json\/wp\/v2\/product"}],"about":[{"href":"https:\/\/iesap.edu.br\/Iesap\/wp-json\/wp\/v2\/types\/product"}],"replies":[{"embeddable":true,"href":"https:\/\/iesap.edu.br\/Iesap\/wp-json\/wp\/v2\/comments?post=2995"}],"wp:featuredmedia":[{"embeddable":true,"href":"https:\/\/iesap.edu.br\/Iesap\/wp-json\/wp\/v2\/media\/3051"}],"wp:attachment":[{"href":"https:\/\/iesap.edu.br\/Iesap\/wp-json\/wp\/v2\/media?parent=2995"}],"wp:term":[{"taxonomy":"product_brand","embeddable":true,"href":"https:\/\/iesap.edu.br\/Iesap\/wp-json\/wp\/v2\/product_brand?post=2995"},{"taxonomy":"product_cat","embeddable":true,"href":"https:\/\/iesap.edu.br\/Iesap\/wp-json\/wp\/v2\/product_cat?post=2995"},{"taxonomy":"product_tag","embeddable":true,"href":"https:\/\/iesap.edu.br\/Iesap\/wp-json\/wp\/v2\/product_tag?post=2995"}],"curies":[{"name":"wp","href":"https:\/\/api.w.org\/{rel}","templated":true}]}}