{"id":2991,"date":"2024-02-29T12:39:47","date_gmt":"2024-02-29T12:39:47","guid":{"rendered":"https:\/\/iesap.edu.br\/Iesap\/?post_type=product&#038;p=2991"},"modified":"2024-02-29T12:42:13","modified_gmt":"2024-02-29T12:42:13","slug":"banco-de-dados-big-data-analytics-digital","status":"publish","type":"product","link":"https:\/\/iesap.edu.br\/Iesap\/produto\/banco-de-dados-big-data-analytics-digital\/","title":{"rendered":"Banco de Dados &#8211; Big Data Analytics (Digital)"},"content":{"rendered":"","protected":false},"excerpt":{"rendered":"<p>A abertura de novos empregos \u00e9 turbinada por inova\u00e7\u00f5es tecnol\u00f3gicas. Especialistas apontam que a transforma\u00e7\u00e3o digital em diversos neg\u00f3cios pode ser, al\u00e9m de extremamente lucrativa, vital. Para isso, as empresas precisar\u00e3o de mais de 400 mil trabalhadores da \u00e1rea de tecnologia at\u00e9 2024. O curso de Banco de Dados (Big Data Analytics) forma profissionais de excel\u00eancia, prontos para atuar em um mercado cheio de oportunidades.<\/p>\n","protected":false},"featured_media":3043,"comment_status":"closed","ping_status":"closed","template":"","meta":{"content-type":""},"product_brand":[],"product_cat":[39],"product_tag":[],"class_list":{"0":"post-2991","1":"product","2":"type-product","3":"status-publish","4":"has-post-thumbnail","6":"product_cat-graduacao","8":"first","9":"instock","10":"sale","11":"sold-individually","12":"shipping-taxable","13":"purchasable","14":"product-type-variable"},"jetpack_sharing_enabled":true,"_links":{"self":[{"href":"https:\/\/iesap.edu.br\/Iesap\/wp-json\/wp\/v2\/product\/2991","targetHints":{"allow":["GET"]}}],"collection":[{"href":"https:\/\/iesap.edu.br\/Iesap\/wp-json\/wp\/v2\/product"}],"about":[{"href":"https:\/\/iesap.edu.br\/Iesap\/wp-json\/wp\/v2\/types\/product"}],"replies":[{"embeddable":true,"href":"https:\/\/iesap.edu.br\/Iesap\/wp-json\/wp\/v2\/comments?post=2991"}],"wp:featuredmedia":[{"embeddable":true,"href":"https:\/\/iesap.edu.br\/Iesap\/wp-json\/wp\/v2\/media\/3043"}],"wp:attachment":[{"href":"https:\/\/iesap.edu.br\/Iesap\/wp-json\/wp\/v2\/media?parent=2991"}],"wp:term":[{"taxonomy":"product_brand","embeddable":true,"href":"https:\/\/iesap.edu.br\/Iesap\/wp-json\/wp\/v2\/product_brand?post=2991"},{"taxonomy":"product_cat","embeddable":true,"href":"https:\/\/iesap.edu.br\/Iesap\/wp-json\/wp\/v2\/product_cat?post=2991"},{"taxonomy":"product_tag","embeddable":true,"href":"https:\/\/iesap.edu.br\/Iesap\/wp-json\/wp\/v2\/product_tag?post=2991"}],"curies":[{"name":"wp","href":"https:\/\/api.w.org\/{rel}","templated":true}]}}