{"id":2990,"date":"2024-02-29T12:39:47","date_gmt":"2024-02-29T12:39:47","guid":{"rendered":"https:\/\/iesap.edu.br\/Iesap\/?post_type=product&#038;p=2990"},"modified":"2024-02-29T12:42:13","modified_gmt":"2024-02-29T12:42:13","slug":"mba-executivo-em-gestao-empresarial","status":"publish","type":"product","link":"https:\/\/iesap.edu.br\/Iesap\/produto\/mba-executivo-em-gestao-empresarial\/","title":{"rendered":"MBA Executivo em Gest\u00e3o Empresarial"},"content":{"rendered":"","protected":false},"excerpt":{"rendered":"<p>Formar gestores com pensamento cr\u00edtico, capazes de solucionar problemas complexos, que sabem trabalhar em equipe de forma colaborativa, com atitude empreendedora, aptos a trabalhos atrav\u00e9s de projetos e com vis\u00e3o global de neg\u00f3cios.<\/p>\n","protected":false},"featured_media":3035,"comment_status":"closed","ping_status":"closed","template":"","meta":{"content-type":""},"product_brand":[],"product_cat":[40],"product_tag":[],"class_list":{"0":"post-2990","1":"product","2":"type-product","3":"status-publish","4":"has-post-thumbnail","6":"product_cat-pos-graduacao","8":"first","9":"instock","10":"sale","11":"sold-individually","12":"shipping-taxable","13":"purchasable","14":"product-type-variable"},"jetpack_sharing_enabled":true,"_links":{"self":[{"href":"https:\/\/iesap.edu.br\/Iesap\/wp-json\/wp\/v2\/product\/2990","targetHints":{"allow":["GET"]}}],"collection":[{"href":"https:\/\/iesap.edu.br\/Iesap\/wp-json\/wp\/v2\/product"}],"about":[{"href":"https:\/\/iesap.edu.br\/Iesap\/wp-json\/wp\/v2\/types\/product"}],"replies":[{"embeddable":true,"href":"https:\/\/iesap.edu.br\/Iesap\/wp-json\/wp\/v2\/comments?post=2990"}],"wp:featuredmedia":[{"embeddable":true,"href":"https:\/\/iesap.edu.br\/Iesap\/wp-json\/wp\/v2\/media\/3035"}],"wp:attachment":[{"href":"https:\/\/iesap.edu.br\/Iesap\/wp-json\/wp\/v2\/media?parent=2990"}],"wp:term":[{"taxonomy":"product_brand","embeddable":true,"href":"https:\/\/iesap.edu.br\/Iesap\/wp-json\/wp\/v2\/product_brand?post=2990"},{"taxonomy":"product_cat","embeddable":true,"href":"https:\/\/iesap.edu.br\/Iesap\/wp-json\/wp\/v2\/product_cat?post=2990"},{"taxonomy":"product_tag","embeddable":true,"href":"https:\/\/iesap.edu.br\/Iesap\/wp-json\/wp\/v2\/product_tag?post=2990"}],"curies":[{"name":"wp","href":"https:\/\/api.w.org\/{rel}","templated":true}]}}