{"id":2989,"date":"2024-02-29T12:39:47","date_gmt":"2024-02-29T12:39:47","guid":{"rendered":"https:\/\/iesap.edu.br\/Iesap\/?post_type=product&#038;p=2989"},"modified":"2024-02-29T12:42:13","modified_gmt":"2024-02-29T12:42:13","slug":"mba-executivo-em-gestao-da-qualidade-de-processos","status":"publish","type":"product","link":"https:\/\/iesap.edu.br\/Iesap\/produto\/mba-executivo-em-gestao-da-qualidade-de-processos\/","title":{"rendered":"MBA Executivo em Gest\u00e3o da Qualidade de Processos"},"content":{"rendered":"","protected":false},"excerpt":{"rendered":"<p>O Brasil est\u00e1 enfrentando um cen\u00e1rio de economia inst\u00e1vel, o que torna extremamente importante que o profissional que almeje ou que tenha cargos de gest\u00e3o seja capaz de avaliar, otimizar e manter o controle sobre os processos empresariais, bem como aumentar a produtividade e reduzir o custo das opera\u00e7\u00f5es da empresa. Uma grande oportunidade, mas ao mesmo tempo um desafio. Vai encarar? Estamos juntos nessa! Durante a especializa\u00e7\u00e3o, voc\u00ea vai aprender atrav\u00e9s de metodologias ativas. Isso quer dizer que voc\u00ea ser\u00e1 o principal respons\u00e1vel pela aprendizagem e pela constru\u00e7\u00e3o de um profissional de destaque que o mercado precisa para gerir \u00e1reas ou organiza\u00e7\u00e3oes com foco na otimiza\u00e7\u00e3o dos resultados.<\/p>\n","protected":false},"featured_media":3034,"comment_status":"closed","ping_status":"closed","template":"","meta":{"content-type":""},"product_brand":[],"product_cat":[40],"product_tag":[],"class_list":{"0":"post-2989","1":"product","2":"type-product","3":"status-publish","4":"has-post-thumbnail","6":"product_cat-pos-graduacao","8":"first","9":"instock","10":"sale","11":"sold-individually","12":"shipping-taxable","13":"purchasable","14":"product-type-variable"},"jetpack_sharing_enabled":true,"_links":{"self":[{"href":"https:\/\/iesap.edu.br\/Iesap\/wp-json\/wp\/v2\/product\/2989","targetHints":{"allow":["GET"]}}],"collection":[{"href":"https:\/\/iesap.edu.br\/Iesap\/wp-json\/wp\/v2\/product"}],"about":[{"href":"https:\/\/iesap.edu.br\/Iesap\/wp-json\/wp\/v2\/types\/product"}],"replies":[{"embeddable":true,"href":"https:\/\/iesap.edu.br\/Iesap\/wp-json\/wp\/v2\/comments?post=2989"}],"wp:featuredmedia":[{"embeddable":true,"href":"https:\/\/iesap.edu.br\/Iesap\/wp-json\/wp\/v2\/media\/3034"}],"wp:attachment":[{"href":"https:\/\/iesap.edu.br\/Iesap\/wp-json\/wp\/v2\/media?parent=2989"}],"wp:term":[{"taxonomy":"product_brand","embeddable":true,"href":"https:\/\/iesap.edu.br\/Iesap\/wp-json\/wp\/v2\/product_brand?post=2989"},{"taxonomy":"product_cat","embeddable":true,"href":"https:\/\/iesap.edu.br\/Iesap\/wp-json\/wp\/v2\/product_cat?post=2989"},{"taxonomy":"product_tag","embeddable":true,"href":"https:\/\/iesap.edu.br\/Iesap\/wp-json\/wp\/v2\/product_tag?post=2989"}],"curies":[{"name":"wp","href":"https:\/\/api.w.org\/{rel}","templated":true}]}}