{"id":2988,"date":"2024-02-29T12:39:47","date_gmt":"2024-02-29T12:39:47","guid":{"rendered":"https:\/\/iesap.edu.br\/Iesap\/?post_type=product&#038;p=2988"},"modified":"2024-02-29T12:42:18","modified_gmt":"2024-02-29T12:42:18","slug":"farmacia-clinica-e-hospitalar","status":"publish","type":"product","link":"https:\/\/iesap.edu.br\/Iesap\/produto\/farmacia-clinica-e-hospitalar\/","title":{"rendered":"Farm\u00e1cia Cl\u00ednica e Hospitalar"},"content":{"rendered":"","protected":false},"excerpt":{"rendered":"<p>Ap\u00f3s a constru\u00e7\u00e3o de todas as fases o profissional dever\u00e1 estar apto a analisar a terap\u00eautica, intera\u00e7\u00f5es, custo-benef\u00edcio, formas de descarte, concilia\u00e7\u00e3o medicamentosa e seguran\u00e7a no uso de um medicamento de \u00e2mbito hospitalar, bem como os servi\u00e7os farmac\u00eauticos. O projeto final do curso ser\u00e1 a constru\u00e7\u00e3o de protocolo de concilia\u00e7\u00e3o medicamentosa pautado em princ\u00edpios da Farm\u00e1cia Cl\u00ednica.<\/p>\n<p>&nbsp;<\/p>\n","protected":false},"featured_media":3033,"comment_status":"closed","ping_status":"closed","template":"","meta":{"content-type":""},"product_brand":[],"product_cat":[40],"product_tag":[],"class_list":{"0":"post-2988","1":"product","2":"type-product","3":"status-publish","4":"has-post-thumbnail","6":"product_cat-pos-graduacao","8":"first","9":"instock","10":"sale","11":"sold-individually","12":"shipping-taxable","13":"purchasable","14":"product-type-variable"},"jetpack_sharing_enabled":true,"_links":{"self":[{"href":"https:\/\/iesap.edu.br\/Iesap\/wp-json\/wp\/v2\/product\/2988","targetHints":{"allow":["GET"]}}],"collection":[{"href":"https:\/\/iesap.edu.br\/Iesap\/wp-json\/wp\/v2\/product"}],"about":[{"href":"https:\/\/iesap.edu.br\/Iesap\/wp-json\/wp\/v2\/types\/product"}],"replies":[{"embeddable":true,"href":"https:\/\/iesap.edu.br\/Iesap\/wp-json\/wp\/v2\/comments?post=2988"}],"wp:featuredmedia":[{"embeddable":true,"href":"https:\/\/iesap.edu.br\/Iesap\/wp-json\/wp\/v2\/media\/3033"}],"wp:attachment":[{"href":"https:\/\/iesap.edu.br\/Iesap\/wp-json\/wp\/v2\/media?parent=2988"}],"wp:term":[{"taxonomy":"product_brand","embeddable":true,"href":"https:\/\/iesap.edu.br\/Iesap\/wp-json\/wp\/v2\/product_brand?post=2988"},{"taxonomy":"product_cat","embeddable":true,"href":"https:\/\/iesap.edu.br\/Iesap\/wp-json\/wp\/v2\/product_cat?post=2988"},{"taxonomy":"product_tag","embeddable":true,"href":"https:\/\/iesap.edu.br\/Iesap\/wp-json\/wp\/v2\/product_tag?post=2988"}],"curies":[{"name":"wp","href":"https:\/\/api.w.org\/{rel}","templated":true}]}}