{"id":2985,"date":"2024-02-29T12:39:46","date_gmt":"2024-02-29T12:39:46","guid":{"rendered":"https:\/\/iesap.edu.br\/Iesap\/?post_type=product&#038;p=2985"},"modified":"2024-02-29T12:42:18","modified_gmt":"2024-02-29T12:42:18","slug":"letras-portugues-ingles-digital","status":"publish","type":"product","link":"https:\/\/iesap.edu.br\/Iesap\/produto\/letras-portugues-ingles-digital\/","title":{"rendered":"Letras &#8211; Portugu\u00eas\/Ingl\u00eas (Digital)"},"content":{"rendered":"","protected":false},"excerpt":{"rendered":"<p>O curso oferece uma forma\u00e7\u00e3o completa para a atua\u00e7\u00e3o na doc\u00eancia, coordena\u00e7\u00e3o e orienta\u00e7\u00e3o educacional nas l\u00ednguas portuguesa e inglesa. O profissional constr\u00f3i compet\u00eancias t\u00e9cnicas, sociais, comportamentais e se aprofunda nessas culturas.<\/p>\n","protected":false},"featured_media":3030,"comment_status":"closed","ping_status":"closed","template":"","meta":{"content-type":""},"product_brand":[],"product_cat":[39],"product_tag":[],"class_list":{"0":"post-2985","1":"product","2":"type-product","3":"status-publish","4":"has-post-thumbnail","6":"product_cat-graduacao","8":"first","9":"instock","10":"sale","11":"sold-individually","12":"shipping-taxable","13":"purchasable","14":"product-type-variable"},"jetpack_sharing_enabled":true,"_links":{"self":[{"href":"https:\/\/iesap.edu.br\/Iesap\/wp-json\/wp\/v2\/product\/2985","targetHints":{"allow":["GET"]}}],"collection":[{"href":"https:\/\/iesap.edu.br\/Iesap\/wp-json\/wp\/v2\/product"}],"about":[{"href":"https:\/\/iesap.edu.br\/Iesap\/wp-json\/wp\/v2\/types\/product"}],"replies":[{"embeddable":true,"href":"https:\/\/iesap.edu.br\/Iesap\/wp-json\/wp\/v2\/comments?post=2985"}],"wp:featuredmedia":[{"embeddable":true,"href":"https:\/\/iesap.edu.br\/Iesap\/wp-json\/wp\/v2\/media\/3030"}],"wp:attachment":[{"href":"https:\/\/iesap.edu.br\/Iesap\/wp-json\/wp\/v2\/media?parent=2985"}],"wp:term":[{"taxonomy":"product_brand","embeddable":true,"href":"https:\/\/iesap.edu.br\/Iesap\/wp-json\/wp\/v2\/product_brand?post=2985"},{"taxonomy":"product_cat","embeddable":true,"href":"https:\/\/iesap.edu.br\/Iesap\/wp-json\/wp\/v2\/product_cat?post=2985"},{"taxonomy":"product_tag","embeddable":true,"href":"https:\/\/iesap.edu.br\/Iesap\/wp-json\/wp\/v2\/product_tag?post=2985"}],"curies":[{"name":"wp","href":"https:\/\/api.w.org\/{rel}","templated":true}]}}