{"id":2981,"date":"2024-02-29T12:39:46","date_gmt":"2024-02-29T12:39:46","guid":{"rendered":"https:\/\/iesap.edu.br\/Iesap\/?post_type=product&#038;p=2981"},"modified":"2024-02-29T12:42:18","modified_gmt":"2024-02-29T12:42:18","slug":"gestao-em-saude-com-enfase-em-auditoria","status":"publish","type":"product","link":"https:\/\/iesap.edu.br\/Iesap\/produto\/gestao-em-saude-com-enfase-em-auditoria\/","title":{"rendered":"Gest\u00e3o em Sa\u00fade com \u00canfase em Auditoria"},"content":{"rendered":"","protected":false},"excerpt":{"rendered":"<p>Este curso tem como objetivo preparar os profissionais para a gest\u00e3o de processos de auditoria em servi\u00e7os e sistemas de sa\u00fade. Ao fina do curso os profissionais dever\u00e3o ser capazes de organizar e coordenar processos de auditoria e de compliance a partir dos preceitos de boas pr\u00e1ticas organizacionais, qualidade, seguran\u00e7a, transpar\u00eancia e \u00e9tica, visando a maximiza\u00e7\u00e3o dos resultados e a redu\u00e7\u00e3o de pr\u00e1ticas inadequadas. Como base para a boa execu\u00e7\u00e3o de uma auditoria, o estudante aprofundar\u00e1 conhecimentos nos processos de gest\u00e3o, os quais s\u00e3o foco de auditagem. Os formandos desenvolver\u00e3o uma vis\u00e3o de gest\u00e3o em sa\u00fade, com \u00eanfase em auditoria, orientada para a efici\u00eancia de recursos, otimiza\u00e7\u00e3o das opera\u00e7\u00f5es, recomenda\u00e7\u00e3o de melhorias e promo\u00e7\u00e3o de desenvolvimento sustent\u00e1vel e competitivo.<\/p>\n","protected":false},"featured_media":3023,"comment_status":"closed","ping_status":"closed","template":"","meta":{"content-type":""},"product_brand":[],"product_cat":[40],"product_tag":[],"class_list":{"0":"post-2981","1":"product","2":"type-product","3":"status-publish","4":"has-post-thumbnail","6":"product_cat-pos-graduacao","8":"first","9":"instock","10":"sale","11":"sold-individually","12":"shipping-taxable","13":"purchasable","14":"product-type-variable"},"jetpack_sharing_enabled":true,"_links":{"self":[{"href":"https:\/\/iesap.edu.br\/Iesap\/wp-json\/wp\/v2\/product\/2981","targetHints":{"allow":["GET"]}}],"collection":[{"href":"https:\/\/iesap.edu.br\/Iesap\/wp-json\/wp\/v2\/product"}],"about":[{"href":"https:\/\/iesap.edu.br\/Iesap\/wp-json\/wp\/v2\/types\/product"}],"replies":[{"embeddable":true,"href":"https:\/\/iesap.edu.br\/Iesap\/wp-json\/wp\/v2\/comments?post=2981"}],"wp:featuredmedia":[{"embeddable":true,"href":"https:\/\/iesap.edu.br\/Iesap\/wp-json\/wp\/v2\/media\/3023"}],"wp:attachment":[{"href":"https:\/\/iesap.edu.br\/Iesap\/wp-json\/wp\/v2\/media?parent=2981"}],"wp:term":[{"taxonomy":"product_brand","embeddable":true,"href":"https:\/\/iesap.edu.br\/Iesap\/wp-json\/wp\/v2\/product_brand?post=2981"},{"taxonomy":"product_cat","embeddable":true,"href":"https:\/\/iesap.edu.br\/Iesap\/wp-json\/wp\/v2\/product_cat?post=2981"},{"taxonomy":"product_tag","embeddable":true,"href":"https:\/\/iesap.edu.br\/Iesap\/wp-json\/wp\/v2\/product_tag?post=2981"}],"curies":[{"name":"wp","href":"https:\/\/api.w.org\/{rel}","templated":true}]}}