{"id":2979,"date":"2024-02-29T12:39:46","date_gmt":"2024-02-29T12:39:46","guid":{"rendered":"https:\/\/iesap.edu.br\/Iesap\/?post_type=product&#038;p=2979"},"modified":"2024-02-29T12:42:18","modified_gmt":"2024-02-29T12:42:18","slug":"enfermagem-do-trabalho-planejamento-e-gestao","status":"publish","type":"product","link":"https:\/\/iesap.edu.br\/Iesap\/produto\/enfermagem-do-trabalho-planejamento-e-gestao\/","title":{"rendered":"Enfermagem do Trabalho &#8211; Planejamento e Gest\u00e3o"},"content":{"rendered":"","protected":false},"excerpt":{"rendered":"<p>O curso visa formar enfermeiros do trabalho capazes de identificar as necessidades do trabalhador e atend\u00ea-lo nos campos da seguran\u00e7a, higiene, melhoria das condi\u00e7\u00f5es laborais, conectado com as pol\u00edticas p\u00fablicas espec\u00edficas desta \u00e1rea, atuando de forma inovadora e din\u00e2mica, como educador, promotor e executor de a\u00e7\u00f5es que aprimorem a qualidade de vida deste indiv\u00edduo e coletividade utilizando os princ\u00edpios da biosseguran\u00e7a, preservando e promovendo tamb\u00e9m \u00e0 pr\u00f3pria sa\u00fade.<\/p>\n","protected":false},"featured_media":3015,"comment_status":"closed","ping_status":"closed","template":"","meta":{"content-type":""},"product_brand":[],"product_cat":[40],"product_tag":[],"class_list":{"0":"post-2979","1":"product","2":"type-product","3":"status-publish","4":"has-post-thumbnail","6":"product_cat-pos-graduacao","8":"first","9":"instock","10":"sale","11":"sold-individually","12":"shipping-taxable","13":"purchasable","14":"product-type-variable"},"jetpack_sharing_enabled":true,"_links":{"self":[{"href":"https:\/\/iesap.edu.br\/Iesap\/wp-json\/wp\/v2\/product\/2979","targetHints":{"allow":["GET"]}}],"collection":[{"href":"https:\/\/iesap.edu.br\/Iesap\/wp-json\/wp\/v2\/product"}],"about":[{"href":"https:\/\/iesap.edu.br\/Iesap\/wp-json\/wp\/v2\/types\/product"}],"replies":[{"embeddable":true,"href":"https:\/\/iesap.edu.br\/Iesap\/wp-json\/wp\/v2\/comments?post=2979"}],"wp:featuredmedia":[{"embeddable":true,"href":"https:\/\/iesap.edu.br\/Iesap\/wp-json\/wp\/v2\/media\/3015"}],"wp:attachment":[{"href":"https:\/\/iesap.edu.br\/Iesap\/wp-json\/wp\/v2\/media?parent=2979"}],"wp:term":[{"taxonomy":"product_brand","embeddable":true,"href":"https:\/\/iesap.edu.br\/Iesap\/wp-json\/wp\/v2\/product_brand?post=2979"},{"taxonomy":"product_cat","embeddable":true,"href":"https:\/\/iesap.edu.br\/Iesap\/wp-json\/wp\/v2\/product_cat?post=2979"},{"taxonomy":"product_tag","embeddable":true,"href":"https:\/\/iesap.edu.br\/Iesap\/wp-json\/wp\/v2\/product_tag?post=2979"}],"curies":[{"name":"wp","href":"https:\/\/api.w.org\/{rel}","templated":true}]}}