{"id":2976,"date":"2024-02-29T12:39:46","date_gmt":"2024-02-29T12:39:46","guid":{"rendered":"https:\/\/iesap.edu.br\/Iesap\/?post_type=product&#038;p=2976"},"modified":"2024-02-29T12:42:18","modified_gmt":"2024-02-29T12:42:18","slug":"libras-portugues-traducao-e-interpretacao","status":"publish","type":"product","link":"https:\/\/iesap.edu.br\/Iesap\/produto\/libras-portugues-traducao-e-interpretacao\/","title":{"rendered":"Libras-Portugu\u00eas: Tradu\u00e7\u00e3o e Interpreta\u00e7\u00e3o"},"content":{"rendered":"","protected":false},"excerpt":{"rendered":"<p>O curso tem por objetivo formar profissionais para atuarem como int\u00e9rpretes e tradutores de Libras-Portugu\u00eas com um dom\u00ednio da Libras, t\u00e9cnicas especificas e conhecimentos relacionados \u00e0 surdez e sua hist\u00f3ria, \u00e0 atua\u00e7\u00e3o dos int\u00e9rpretes no Brasil nos \u00faltimos anos, assim como \u00e0 atual din\u00e2mica do mercado de trabalho da \u00e1rea.<\/p>\n","protected":false},"featured_media":3012,"comment_status":"closed","ping_status":"closed","template":"","meta":{"content-type":""},"product_brand":[],"product_cat":[40],"product_tag":[],"class_list":{"0":"post-2976","1":"product","2":"type-product","3":"status-publish","4":"has-post-thumbnail","6":"product_cat-pos-graduacao","8":"first","9":"instock","10":"sale","11":"sold-individually","12":"shipping-taxable","13":"purchasable","14":"product-type-variable","15":"has-default-attributes"},"jetpack_sharing_enabled":true,"_links":{"self":[{"href":"https:\/\/iesap.edu.br\/Iesap\/wp-json\/wp\/v2\/product\/2976","targetHints":{"allow":["GET"]}}],"collection":[{"href":"https:\/\/iesap.edu.br\/Iesap\/wp-json\/wp\/v2\/product"}],"about":[{"href":"https:\/\/iesap.edu.br\/Iesap\/wp-json\/wp\/v2\/types\/product"}],"replies":[{"embeddable":true,"href":"https:\/\/iesap.edu.br\/Iesap\/wp-json\/wp\/v2\/comments?post=2976"}],"wp:featuredmedia":[{"embeddable":true,"href":"https:\/\/iesap.edu.br\/Iesap\/wp-json\/wp\/v2\/media\/3012"}],"wp:attachment":[{"href":"https:\/\/iesap.edu.br\/Iesap\/wp-json\/wp\/v2\/media?parent=2976"}],"wp:term":[{"taxonomy":"product_brand","embeddable":true,"href":"https:\/\/iesap.edu.br\/Iesap\/wp-json\/wp\/v2\/product_brand?post=2976"},{"taxonomy":"product_cat","embeddable":true,"href":"https:\/\/iesap.edu.br\/Iesap\/wp-json\/wp\/v2\/product_cat?post=2976"},{"taxonomy":"product_tag","embeddable":true,"href":"https:\/\/iesap.edu.br\/Iesap\/wp-json\/wp\/v2\/product_tag?post=2976"}],"curies":[{"name":"wp","href":"https:\/\/api.w.org\/{rel}","templated":true}]}}