{"id":2974,"date":"2024-02-29T12:39:46","date_gmt":"2024-02-29T12:39:46","guid":{"rendered":"https:\/\/iesap.edu.br\/Iesap\/?post_type=product&#038;p=2974"},"modified":"2024-02-29T12:42:28","modified_gmt":"2024-02-29T12:42:28","slug":"gestao-da-tecnologia-da-informacao-digital","status":"publish","type":"product","link":"https:\/\/iesap.edu.br\/Iesap\/produto\/gestao-da-tecnologia-da-informacao-digital\/","title":{"rendered":"Gest\u00e3o da Tecnologia da Informa\u00e7\u00e3o (Digital)"},"content":{"rendered":"","protected":false},"excerpt":{"rendered":"<p>O curso de Gest\u00e3o da Tecnologia de Informa\u00e7\u00e3o da Informa\u00e7\u00e3o est\u00e1 focado no desenvolvimento de profissionais para a administra\u00e7\u00e3o de software, hardware, bancos de dados e tamb\u00e9m de pessoas de uma organiza\u00e7\u00e3o, com o foco na melhoria e otimiza\u00e7\u00e3o de processos e procedimentos, redu\u00e7\u00e3o de custos e busca cont\u00ednua de solu\u00e7\u00f5es para a empresa em que o profissional atua.<\/p>\n","protected":false},"featured_media":3004,"comment_status":"closed","ping_status":"closed","template":"","meta":{"content-type":""},"product_brand":[],"product_cat":[39],"product_tag":[],"class_list":{"0":"post-2974","1":"product","2":"type-product","3":"status-publish","4":"has-post-thumbnail","6":"product_cat-graduacao","8":"first","9":"instock","10":"sale","11":"sold-individually","12":"shipping-taxable","13":"purchasable","14":"product-type-variable"},"jetpack_sharing_enabled":true,"_links":{"self":[{"href":"https:\/\/iesap.edu.br\/Iesap\/wp-json\/wp\/v2\/product\/2974","targetHints":{"allow":["GET"]}}],"collection":[{"href":"https:\/\/iesap.edu.br\/Iesap\/wp-json\/wp\/v2\/product"}],"about":[{"href":"https:\/\/iesap.edu.br\/Iesap\/wp-json\/wp\/v2\/types\/product"}],"replies":[{"embeddable":true,"href":"https:\/\/iesap.edu.br\/Iesap\/wp-json\/wp\/v2\/comments?post=2974"}],"wp:featuredmedia":[{"embeddable":true,"href":"https:\/\/iesap.edu.br\/Iesap\/wp-json\/wp\/v2\/media\/3004"}],"wp:attachment":[{"href":"https:\/\/iesap.edu.br\/Iesap\/wp-json\/wp\/v2\/media?parent=2974"}],"wp:term":[{"taxonomy":"product_brand","embeddable":true,"href":"https:\/\/iesap.edu.br\/Iesap\/wp-json\/wp\/v2\/product_brand?post=2974"},{"taxonomy":"product_cat","embeddable":true,"href":"https:\/\/iesap.edu.br\/Iesap\/wp-json\/wp\/v2\/product_cat?post=2974"},{"taxonomy":"product_tag","embeddable":true,"href":"https:\/\/iesap.edu.br\/Iesap\/wp-json\/wp\/v2\/product_tag?post=2974"}],"curies":[{"name":"wp","href":"https:\/\/api.w.org\/{rel}","templated":true}]}}