{"id":2973,"date":"2024-02-29T12:39:46","date_gmt":"2024-02-29T12:39:46","guid":{"rendered":"https:\/\/iesap.edu.br\/Iesap\/?post_type=product&#038;p=2973"},"modified":"2024-02-29T12:42:13","modified_gmt":"2024-02-29T12:42:13","slug":"engenharia-civil-digital","status":"publish","type":"product","link":"https:\/\/iesap.edu.br\/Iesap\/produto\/engenharia-civil-digital\/","title":{"rendered":"Engenharia Civil (Digital)"},"content":{"rendered":"","protected":false},"excerpt":{"rendered":"<p>O curso oferece o desenvolvimento dos conhecimentos adquiridos em \u00e1reas de hidrologia, topografia, georreferenciamento e hidr\u00e1ulica. Al\u00e9m do conhecimento em infraestrutura e conhecimento t\u00e9cnico em \u00e1reas de constru\u00e7\u00e3o sustent\u00e1vel, prototipagem e gerenciamento de obras. A Celso, por meio da sua Escola de Engenharia e Tecnologia de Informa\u00e7\u00e3o, inovou ao firmar parceria com a maior solu\u00e7\u00e3o de laborat\u00f3rios virtuais do mundo, a ALGETEC. Voc\u00ea ter\u00e1 v\u00e1rias pr\u00e1ticas ligadas \u00e0 sa\u00fade, engenharia e tecnologia, como enfermagem, hidr\u00e1ulica, topografia, seguran\u00e7a do trabalho e internet das coisas.<\/p>\n","protected":false},"featured_media":3003,"comment_status":"closed","ping_status":"closed","template":"","meta":{"content-type":""},"product_brand":[],"product_cat":[39],"product_tag":[],"class_list":{"0":"post-2973","1":"product","2":"type-product","3":"status-publish","4":"has-post-thumbnail","6":"product_cat-graduacao","8":"first","9":"instock","10":"sale","11":"sold-individually","12":"shipping-taxable","13":"purchasable","14":"product-type-variable"},"jetpack_sharing_enabled":true,"_links":{"self":[{"href":"https:\/\/iesap.edu.br\/Iesap\/wp-json\/wp\/v2\/product\/2973","targetHints":{"allow":["GET"]}}],"collection":[{"href":"https:\/\/iesap.edu.br\/Iesap\/wp-json\/wp\/v2\/product"}],"about":[{"href":"https:\/\/iesap.edu.br\/Iesap\/wp-json\/wp\/v2\/types\/product"}],"replies":[{"embeddable":true,"href":"https:\/\/iesap.edu.br\/Iesap\/wp-json\/wp\/v2\/comments?post=2973"}],"wp:featuredmedia":[{"embeddable":true,"href":"https:\/\/iesap.edu.br\/Iesap\/wp-json\/wp\/v2\/media\/3003"}],"wp:attachment":[{"href":"https:\/\/iesap.edu.br\/Iesap\/wp-json\/wp\/v2\/media?parent=2973"}],"wp:term":[{"taxonomy":"product_brand","embeddable":true,"href":"https:\/\/iesap.edu.br\/Iesap\/wp-json\/wp\/v2\/product_brand?post=2973"},{"taxonomy":"product_cat","embeddable":true,"href":"https:\/\/iesap.edu.br\/Iesap\/wp-json\/wp\/v2\/product_cat?post=2973"},{"taxonomy":"product_tag","embeddable":true,"href":"https:\/\/iesap.edu.br\/Iesap\/wp-json\/wp\/v2\/product_tag?post=2973"}],"curies":[{"name":"wp","href":"https:\/\/api.w.org\/{rel}","templated":true}]}}