{"id":2969,"date":"2024-02-29T12:39:45","date_gmt":"2024-02-29T12:39:45","guid":{"rendered":"https:\/\/iesap.edu.br\/Iesap\/?post_type=product&#038;p=2969"},"modified":"2024-02-29T12:42:28","modified_gmt":"2024-02-29T12:42:28","slug":"biologia-digital","status":"publish","type":"product","link":"https:\/\/iesap.edu.br\/Iesap\/produto\/biologia-digital\/","title":{"rendered":"Biologia (Digital)"},"content":{"rendered":"","protected":false},"excerpt":{"rendered":"<p>O curso atende quatro \u00e1reas b\u00e1sicas de atua\u00e7\u00e3o como a zoologia, bot\u00e2nica, meio ambiente e sa\u00fade. A Licenciatura em Biologia tem como objetivo a promo\u00e7\u00e3o de experi\u00eancias para forma\u00e7\u00e3o na doc\u00eancia em Biologia, al\u00e9m do incentivo para o desenvolvimento de pesquisas em educa\u00e7\u00e3o no ensino b\u00e1sico e superior. O perfil do professor de biologia, al\u00e9m de outras, contempla caracter\u00edsticas como: determina\u00e7\u00e3o, leitura cr\u00edtica das realidades sociais e ambientais e capacidade de questionamento.<\/p>\n","protected":false},"featured_media":2999,"comment_status":"closed","ping_status":"closed","template":"","meta":{"content-type":""},"product_brand":[],"product_cat":[39],"product_tag":[],"class_list":{"0":"post-2969","1":"product","2":"type-product","3":"status-publish","4":"has-post-thumbnail","6":"product_cat-graduacao","8":"first","9":"instock","10":"sale","11":"sold-individually","12":"shipping-taxable","13":"purchasable","14":"product-type-variable"},"jetpack_sharing_enabled":true,"_links":{"self":[{"href":"https:\/\/iesap.edu.br\/Iesap\/wp-json\/wp\/v2\/product\/2969","targetHints":{"allow":["GET"]}}],"collection":[{"href":"https:\/\/iesap.edu.br\/Iesap\/wp-json\/wp\/v2\/product"}],"about":[{"href":"https:\/\/iesap.edu.br\/Iesap\/wp-json\/wp\/v2\/types\/product"}],"replies":[{"embeddable":true,"href":"https:\/\/iesap.edu.br\/Iesap\/wp-json\/wp\/v2\/comments?post=2969"}],"wp:featuredmedia":[{"embeddable":true,"href":"https:\/\/iesap.edu.br\/Iesap\/wp-json\/wp\/v2\/media\/2999"}],"wp:attachment":[{"href":"https:\/\/iesap.edu.br\/Iesap\/wp-json\/wp\/v2\/media?parent=2969"}],"wp:term":[{"taxonomy":"product_brand","embeddable":true,"href":"https:\/\/iesap.edu.br\/Iesap\/wp-json\/wp\/v2\/product_brand?post=2969"},{"taxonomy":"product_cat","embeddable":true,"href":"https:\/\/iesap.edu.br\/Iesap\/wp-json\/wp\/v2\/product_cat?post=2969"},{"taxonomy":"product_tag","embeddable":true,"href":"https:\/\/iesap.edu.br\/Iesap\/wp-json\/wp\/v2\/product_tag?post=2969"}],"curies":[{"name":"wp","href":"https:\/\/api.w.org\/{rel}","templated":true}]}}