{"id":97,"date":"2020-11-23T14:09:26","date_gmt":"2020-11-23T14:09:26","guid":{"rendered":"https:\/\/iesap.edu.br\/Iesap\/?page_id=97"},"modified":"2024-07-30T19:03:42","modified_gmt":"2024-07-30T19:03:42","slug":"historia","status":"publish","type":"page","link":"https:\/\/iesap.edu.br\/Iesap\/historia\/","title":{"rendered":"Hist\u00f3ria"},"content":{"rendered":"\t\t<div data-elementor-type=\"wp-post\" data-elementor-id=\"97\" class=\"elementor elementor-97\" data-elementor-settings=\"{&quot;ha_cmc_init_switcher&quot;:&quot;no&quot;}\">\n\t\t\t\t\t\t<section class=\"elementor-section elementor-top-section elementor-element elementor-element-548a07bb elementor-section-full_width elementor-section-height-min-height elementor-section-height-default elementor-section-items-middle\" data-id=\"548a07bb\" data-element_type=\"section\" data-settings=\"{&quot;background_background&quot;:&quot;classic&quot;,&quot;_ha_eqh_enable&quot;:false}\">\n\t\t\t\t\t\t<div class=\"elementor-container elementor-column-gap-no\">\n\t\t\t\t\t<div class=\"elementor-column elementor-col-66 elementor-top-column elementor-element elementor-element-7b9f052\" data-id=\"7b9f052\" data-element_type=\"column\" data-settings=\"{&quot;background_background&quot;:&quot;classic&quot;}\">\n\t\t\t<div class=\"elementor-widget-wrap elementor-element-populated\">\n\t\t\t\t\t\t<div class=\"elementor-element elementor-element-5342c79b elementor-widget elementor-widget-spacer\" data-id=\"5342c79b\" data-element_type=\"widget\" data-widget_type=\"spacer.default\">\n\t\t\t\t<div class=\"elementor-widget-container\">\n\t\t\t\t\t\t\t<div class=\"elementor-spacer\">\n\t\t\t<div class=\"elementor-spacer-inner\"><\/div>\n\t\t<\/div>\n\t\t\t\t\t\t<\/div>\n\t\t\t\t<\/div>\n\t\t\t\t<div class=\"elementor-element elementor-element-25d46776 elementor-widget elementor-widget-heading\" data-id=\"25d46776\" data-element_type=\"widget\" data-widget_type=\"heading.default\">\n\t\t\t\t<div class=\"elementor-widget-container\">\n\t\t\t\t\t<h3 class=\"elementor-heading-title elementor-size-medium\"><br>A Faculdade<\/h3>\t\t\t\t<\/div>\n\t\t\t\t<\/div>\n\t\t\t\t\t<\/div>\n\t\t<\/div>\n\t\t\t\t<div class=\"elementor-column elementor-col-33 elementor-top-column elementor-element elementor-element-517904b elementor-invisible\" data-id=\"517904b\" data-element_type=\"column\" data-settings=\"{&quot;background_background&quot;:&quot;classic&quot;,&quot;animation&quot;:&quot;fadeInRight&quot;}\">\n\t\t\t<div class=\"elementor-widget-wrap elementor-element-populated\">\n\t\t\t\t\t\t<div class=\"elementor-element elementor-element-1a5e984b elementor-widget elementor-widget-image\" data-id=\"1a5e984b\" data-element_type=\"widget\" data-widget_type=\"image.default\">\n\t\t\t\t<div class=\"elementor-widget-container\">\n\t\t\t\t\t\t\t\t\t\t\t\t\t\t\t<img fetchpriority=\"high\" decoding=\"async\" width=\"300\" height=\"300\" src=\"https:\/\/iesap.edu.br\/Iesap\/wp-content\/uploads\/2022\/01\/cropped-cropped-cropped-cropped-13254247_618144401669297_7980589811519449262_n-removebg-preview-1.png\" class=\"attachment-medium size-medium wp-image-924\" alt=\"\" srcset=\"https:\/\/iesap.edu.br\/Iesap\/wp-content\/uploads\/2022\/01\/cropped-cropped-cropped-cropped-13254247_618144401669297_7980589811519449262_n-removebg-preview-1.png 300w, https:\/\/iesap.edu.br\/Iesap\/wp-content\/uploads\/2022\/01\/cropped-cropped-cropped-cropped-13254247_618144401669297_7980589811519449262_n-removebg-preview-1-100x100.png 100w, https:\/\/iesap.edu.br\/Iesap\/wp-content\/uploads\/2022\/01\/cropped-cropped-cropped-cropped-13254247_618144401669297_7980589811519449262_n-removebg-preview-1-150x150.png 150w\" sizes=\"(max-width: 300px) 100vw, 300px\" \/>\t\t\t\t\t\t\t\t\t\t\t\t\t\t\t<\/div>\n\t\t\t\t<\/div>\n\t\t\t\t\t<\/div>\n\t\t<\/div>\n\t\t\t\t\t<\/div>\n\t\t<\/section>\n\t\t\t\t<section class=\"elementor-section elementor-top-section elementor-element elementor-element-7b66920 elementor-section-boxed elementor-section-height-default elementor-section-height-default\" data-id=\"7b66920\" data-element_type=\"section\" data-settings=\"{&quot;_ha_eqh_enable&quot;:false}\">\n\t\t\t\t\t\t<div class=\"elementor-container elementor-column-gap-default\">\n\t\t\t\t\t<div class=\"elementor-column elementor-col-50 elementor-top-column elementor-element elementor-element-7d2d924\" data-id=\"7d2d924\" data-element_type=\"column\">\n\t\t\t<div class=\"elementor-widget-wrap elementor-element-populated\">\n\t\t\t\t\t\t<div class=\"elementor-element elementor-element-ae3fed4 elementor-widget elementor-widget-heading\" data-id=\"ae3fed4\" data-element_type=\"widget\" data-widget_type=\"heading.default\">\n\t\t\t\t<div class=\"elementor-widget-container\">\n\t\t\t\t\t<h3 class=\"elementor-heading-title elementor-size-medium\">A Faculdade<\/h3>\t\t\t\t<\/div>\n\t\t\t\t<\/div>\n\t\t\t\t\t<\/div>\n\t\t<\/div>\n\t\t\t\t<div class=\"elementor-column elementor-col-50 elementor-top-column elementor-element elementor-element-bdb8f57\" data-id=\"bdb8f57\" data-element_type=\"column\">\n\t\t\t<div class=\"elementor-widget-wrap\">\n\t\t\t\t\t\t\t<\/div>\n\t\t<\/div>\n\t\t\t\t\t<\/div>\n\t\t<\/section>\n\t\t\t\t<section class=\"elementor-section elementor-top-section elementor-element elementor-element-c63ecd2 elementor-section-boxed elementor-section-height-default elementor-section-height-default\" data-id=\"c63ecd2\" data-element_type=\"section\" data-settings=\"{&quot;_ha_eqh_enable&quot;:false}\">\n\t\t\t\t\t\t<div class=\"elementor-container elementor-column-gap-default\">\n\t\t\t\t\t<div class=\"elementor-column elementor-col-100 elementor-top-column elementor-element elementor-element-286f8e6\" data-id=\"286f8e6\" data-element_type=\"column\">\n\t\t\t<div class=\"elementor-widget-wrap elementor-element-populated\">\n\t\t\t\t\t\t<div class=\"elementor-element elementor-element-184f7b9 elementor-widget elementor-widget-text-editor\" data-id=\"184f7b9\" data-element_type=\"widget\" data-widget_type=\"text-editor.default\">\n\t\t\t\t<div class=\"elementor-widget-container\">\n\t\t\t\t\t\t\t\t\t<p>O Instituto de Ensino Superior do Amap\u00e1 (IESAP) \u00e9 uma Institui\u00e7\u00e3o de Ensino privada, genuinamente amapaense, que representa um audacioso investimento de sua Mantenedora \u2013 MODERNO &#8211; Centro de Ensino, Educa\u00e7\u00e3o e Cultura LTDA \u2013, a \u00a0qual desde 1986 investe em servi\u00e7os educacionais nos segmentos de Educa\u00e7\u00e3o Infantil, Ensino Fundamental e M\u00e9dio. Assim, a experi\u00eancia educacional constru\u00edda na Educa\u00e7\u00e3o B\u00e1sica abona a seguran\u00e7a necess\u00e1ria para a atua\u00e7\u00e3o na Educa\u00e7\u00e3o Superior.<\/p><p>Credenciado em 2001 pelo Minist\u00e9rio da Educa\u00e7\u00e3o (MEC), por meio da Portaria N. 1.873, de 22\/08\/2001, o IESAP iniciou seu trabalho oferecendo Cursos de Gradua\u00e7\u00e3o, somando-se, posteriormente, os de P\u00f3s-Gradua\u00e7\u00e3o, na modalidade l<em>ato sensu<\/em>.\u00a0<\/p><p>Na Gradua\u00e7\u00e3o, atualmente, mant\u00e9m Cursos de Licenciatura em Letras Portugu\u00eas\/Ingl\u00eas; Pedagogia; M\u00fasica; Segunda Licenciatura em Pedagogia, e ainda o Programa Especial de Forma\u00e7\u00e3o Pedag\u00f3gica, destinado a Bachar\u00e9is ou Tecn\u00f3logos que queiram dedicar-se \u00e0 doc\u00eancia na Educa\u00e7\u00e3o B\u00e1sica. No campo da P\u00f3s-Gradua\u00e7\u00e3o, a IESAP oferece v\u00e1rios Cursos de Especializa\u00e7\u00e3o, sendo todos afins \u00e0 \u00e1rea da Licenciatura.<\/p><p>\u00a0\u00a0Nos \u00faltimos anos, o IESAP estabeleceu importantes rela\u00e7\u00f5es com os setores p\u00fablico e privado, respondendo a demandas do setor produtivo e de institui\u00e7\u00f5es sociais, culturais e educativas, de maneira que vem ascendendo gradativamente no ramo da Educa\u00e7\u00e3o Superior. Nesta perspectiva, o IESAP destaca-se como IES comprometida com a Educa\u00e7\u00e3o de qualidade, e pelo seu desempenho cient\u00edfico e compromisso social vem promovendo Ensino, Pesquisa e Extens\u00e3o como bases estruturais \u00e0 constru\u00e7\u00e3o, produ\u00e7\u00e3o e socializa\u00e7\u00e3o do conhecimento cient\u00edfico, tecnol\u00f3gico e cultural do Estado do Amap\u00e1.<\/p>\t\t\t\t\t\t\t\t<\/div>\n\t\t\t\t<\/div>\n\t\t\t\t\t<\/div>\n\t\t<\/div>\n\t\t\t\t\t<\/div>\n\t\t<\/section>\n\t\t\t\t<\/div>\n\t\t","protected":false},"excerpt":{"rendered":"<p>A Faculdade A Faculdade O Instituto de Ensino Superior do Amap\u00e1 (IESAP) \u00e9 uma Institui\u00e7\u00e3o de Ensino privada, genuinamente amapaense, que representa um audacioso investimento de sua Mantenedora \u2013 MODERNO &#8211; Centro de Ensino, Educa\u00e7\u00e3o e Cultura LTDA \u2013, a \u00a0qual desde 1986 investe em servi\u00e7os educacionais nos segmentos de Educa\u00e7\u00e3o Infantil, Ensino Fundamental e [&hellip;]<\/p>\n","protected":false},"author":1,"featured_media":0,"parent":0,"menu_order":0,"comment_status":"closed","ping_status":"closed","template":"elementor_header_footer","meta":{"content-type":"","footnotes":""},"class_list":["post-97","page","type-page","status-publish","hentry"],"jetpack_sharing_enabled":true,"_links":{"self":[{"href":"https:\/\/iesap.edu.br\/Iesap\/wp-json\/wp\/v2\/pages\/97","targetHints":{"allow":["GET"]}}],"collection":[{"href":"https:\/\/iesap.edu.br\/Iesap\/wp-json\/wp\/v2\/pages"}],"about":[{"href":"https:\/\/iesap.edu.br\/Iesap\/wp-json\/wp\/v2\/types\/page"}],"author":[{"embeddable":true,"href":"https:\/\/iesap.edu.br\/Iesap\/wp-json\/wp\/v2\/users\/1"}],"replies":[{"embeddable":true,"href":"https:\/\/iesap.edu.br\/Iesap\/wp-json\/wp\/v2\/comments?post=97"}],"version-history":[{"count":23,"href":"https:\/\/iesap.edu.br\/Iesap\/wp-json\/wp\/v2\/pages\/97\/revisions"}],"predecessor-version":[{"id":3958,"href":"https:\/\/iesap.edu.br\/Iesap\/wp-json\/wp\/v2\/pages\/97\/revisions\/3958"}],"wp:attachment":[{"href":"https:\/\/iesap.edu.br\/Iesap\/wp-json\/wp\/v2\/media?parent=97"}],"curies":[{"name":"wp","href":"https:\/\/api.w.org\/{rel}","templated":true}]}}