{"id":403,"date":"2021-02-01T13:05:09","date_gmt":"2021-02-01T13:05:09","guid":{"rendered":"https:\/\/iesap.edu.br\/Iesap\/?page_id=403"},"modified":"2022-05-30T21:52:58","modified_gmt":"2022-05-30T21:52:58","slug":"atendimento-psicopedagogico","status":"publish","type":"page","link":"https:\/\/iesap.edu.br\/Iesap\/atendimento-psicopedagogico\/","title":{"rendered":"Atendimento Psicopedag\u00f3gico"},"content":{"rendered":"\t\t<div data-elementor-type=\"wp-post\" data-elementor-id=\"403\" class=\"elementor elementor-403\" data-elementor-settings=\"{&quot;ha_cmc_init_switcher&quot;:&quot;no&quot;}\">\n\t\t\t\t\t\t<section class=\"elementor-section elementor-top-section elementor-element elementor-element-bc58ce3 elementor-section-full_width elementor-section-height-default elementor-section-height-default\" data-id=\"bc58ce3\" data-element_type=\"section\" data-settings=\"{&quot;_ha_eqh_enable&quot;:false}\">\n\t\t\t\t\t\t<div class=\"elementor-container elementor-column-gap-default\">\n\t\t\t\t\t<div class=\"elementor-column elementor-col-33 elementor-top-column elementor-element elementor-element-c4a37df\" data-id=\"c4a37df\" data-element_type=\"column\">\n\t\t\t<div class=\"elementor-widget-wrap elementor-element-populated\">\n\t\t\t\t\t\t<div class=\"elementor-element elementor-element-0891945 elementor-widget elementor-widget-heading\" data-id=\"0891945\" data-element_type=\"widget\" data-widget_type=\"heading.default\">\n\t\t\t\t<div class=\"elementor-widget-container\">\n\t\t\t\t\t<h2 class=\"elementor-heading-title elementor-size-large\">SAP<\/h2>\t\t\t\t<\/div>\n\t\t\t\t<\/div>\n\t\t\t\t\t<\/div>\n\t\t<\/div>\n\t\t\t\t<div class=\"elementor-column elementor-col-66 elementor-top-column elementor-element elementor-element-ccbc416\" data-id=\"ccbc416\" data-element_type=\"column\">\n\t\t\t<div class=\"elementor-widget-wrap\">\n\t\t\t\t\t\t\t<\/div>\n\t\t<\/div>\n\t\t\t\t\t<\/div>\n\t\t<\/section>\n\t\t\t\t<section class=\"elementor-section elementor-top-section elementor-element elementor-element-625052d elementor-section-full_width elementor-section-height-default elementor-section-height-default\" data-id=\"625052d\" data-element_type=\"section\" data-settings=\"{&quot;_ha_eqh_enable&quot;:false}\">\n\t\t\t\t\t\t<div class=\"elementor-container elementor-column-gap-default\">\n\t\t\t\t\t<div class=\"elementor-column elementor-col-100 elementor-top-column elementor-element elementor-element-f7779eb\" data-id=\"f7779eb\" data-element_type=\"column\">\n\t\t\t<div class=\"elementor-widget-wrap elementor-element-populated\">\n\t\t\t\t\t\t<div class=\"elementor-element elementor-element-3d58789 elementor-widget elementor-widget-text-editor\" data-id=\"3d58789\" data-element_type=\"widget\" data-widget_type=\"text-editor.default\">\n\t\t\t\t<div class=\"elementor-widget-container\">\n\t\t\t\t\t\t\t\t\t<p>\u00c9 o Servi\u00e7o de Apoio Psicopedag\u00f3gico disponibilizado gratuitamente para todos os discentes, docentes e colaboradores do IESAP. Atua com o apoio psicopedag\u00f3gico e psicol\u00f3gico a todos, garantindo assim, um suporte humanizado necess\u00e1rio para superar as dificuldades que possam surgir durante o processo ensino-aprendizagem.<\/p><p>Para ter acesso ao SAP o acad\u00eamico deve solicitar o agendamento, via email da\u00a0 Coordena\u00e7\u00e3o de Curso.\u00a0<\/p>\t\t\t\t\t\t\t\t<\/div>\n\t\t\t\t<\/div>\n\t\t\t\t<div class=\"elementor-element elementor-element-f16f173 elementor-widget elementor-widget-text-editor\" data-id=\"f16f173\" data-element_type=\"widget\" data-widget_type=\"text-editor.default\">\n\t\t\t\t<div class=\"elementor-widget-container\">\n\t\t\t\t\t\t\t\t\t<p>letrasportuguesespanhol@iesap.edu.br<\/p>\t\t\t\t\t\t\t\t<\/div>\n\t\t\t\t<\/div>\n\t\t\t\t<div class=\"elementor-element elementor-element-158bf8a elementor-widget elementor-widget-text-editor\" data-id=\"158bf8a\" data-element_type=\"widget\" data-widget_type=\"text-editor.default\">\n\t\t\t\t<div class=\"elementor-widget-container\">\n\t\t\t\t\t\t\t\t\t<p>letrasportuguesfrances@iesap.edu.br<\/p>\t\t\t\t\t\t\t\t<\/div>\n\t\t\t\t<\/div>\n\t\t\t\t<div class=\"elementor-element elementor-element-6465fb4 elementor-widget elementor-widget-text-editor\" data-id=\"6465fb4\" data-element_type=\"widget\" data-widget_type=\"text-editor.default\">\n\t\t\t\t<div class=\"elementor-widget-container\">\n\t\t\t\t\t\t\t\t\t<p>letrasportuguesingles@iesap.edu.br<\/p>\t\t\t\t\t\t\t\t<\/div>\n\t\t\t\t<\/div>\n\t\t\t\t<div class=\"elementor-element elementor-element-a5e9138 elementor-widget elementor-widget-text-editor\" data-id=\"a5e9138\" data-element_type=\"widget\" data-widget_type=\"text-editor.default\">\n\t\t\t\t<div class=\"elementor-widget-container\">\n\t\t\t\t\t\t\t\t\t<p>musica@iesap.edu.br<\/p>\t\t\t\t\t\t\t\t<\/div>\n\t\t\t\t<\/div>\n\t\t\t\t<div class=\"elementor-element elementor-element-24e3f8d elementor-widget elementor-widget-text-editor\" data-id=\"24e3f8d\" data-element_type=\"widget\" data-widget_type=\"text-editor.default\">\n\t\t\t\t<div class=\"elementor-widget-container\">\n\t\t\t\t\t\t\t\t\t<p>pedagogia@iesap.edu.br<\/p>\t\t\t\t\t\t\t\t<\/div>\n\t\t\t\t<\/div>\n\t\t\t\t<div class=\"elementor-element elementor-element-08cd2cd elementor-widget elementor-widget-text-editor\" data-id=\"08cd2cd\" data-element_type=\"widget\" data-widget_type=\"text-editor.default\">\n\t\t\t\t<div class=\"elementor-widget-container\">\n\t\t\t\t\t\t\t\t\t<p>segundalicenciatura@iesap.edu.br<\/p>\t\t\t\t\t\t\t\t<\/div>\n\t\t\t\t<\/div>\n\t\t\t\t<div class=\"elementor-element elementor-element-e18c5de elementor-widget elementor-widget-text-editor\" data-id=\"e18c5de\" data-element_type=\"widget\" data-widget_type=\"text-editor.default\">\n\t\t\t\t<div class=\"elementor-widget-container\">\n\t\t\t\t\t\t\t\t\t<p>formacaopedagogica@iesap.edu.br<\/p>\t\t\t\t\t\t\t\t<\/div>\n\t\t\t\t<\/div>\n\t\t\t\t\t<\/div>\n\t\t<\/div>\n\t\t\t\t\t<\/div>\n\t\t<\/section>\n\t\t\t\t<\/div>\n\t\t","protected":false},"excerpt":{"rendered":"<p>SAP \u00c9 o Servi\u00e7o de Apoio Psicopedag\u00f3gico disponibilizado gratuitamente para todos os discentes, docentes e colaboradores do IESAP. Atua com o apoio psicopedag\u00f3gico e psicol\u00f3gico a todos, garantindo assim, um suporte humanizado necess\u00e1rio para superar as dificuldades que possam surgir durante o processo ensino-aprendizagem. Para ter acesso ao SAP o acad\u00eamico deve solicitar o agendamento, [&hellip;]<\/p>\n","protected":false},"author":1,"featured_media":0,"parent":0,"menu_order":0,"comment_status":"closed","ping_status":"closed","template":"","meta":{"content-type":"","footnotes":""},"class_list":["post-403","page","type-page","status-publish","hentry"],"jetpack_sharing_enabled":true,"_links":{"self":[{"href":"https:\/\/iesap.edu.br\/Iesap\/wp-json\/wp\/v2\/pages\/403","targetHints":{"allow":["GET"]}}],"collection":[{"href":"https:\/\/iesap.edu.br\/Iesap\/wp-json\/wp\/v2\/pages"}],"about":[{"href":"https:\/\/iesap.edu.br\/Iesap\/wp-json\/wp\/v2\/types\/page"}],"author":[{"embeddable":true,"href":"https:\/\/iesap.edu.br\/Iesap\/wp-json\/wp\/v2\/users\/1"}],"replies":[{"embeddable":true,"href":"https:\/\/iesap.edu.br\/Iesap\/wp-json\/wp\/v2\/comments?post=403"}],"version-history":[{"count":16,"href":"https:\/\/iesap.edu.br\/Iesap\/wp-json\/wp\/v2\/pages\/403\/revisions"}],"predecessor-version":[{"id":1386,"href":"https:\/\/iesap.edu.br\/Iesap\/wp-json\/wp\/v2\/pages\/403\/revisions\/1386"}],"wp:attachment":[{"href":"https:\/\/iesap.edu.br\/Iesap\/wp-json\/wp\/v2\/media?parent=403"}],"curies":[{"name":"wp","href":"https:\/\/api.w.org\/{rel}","templated":true}]}}