{"id":243,"date":"2020-11-23T17:37:01","date_gmt":"2020-11-23T17:37:01","guid":{"rendered":"https:\/\/iesap.edu.br\/Iesap\/?page_id=243"},"modified":"2022-08-09T22:17:55","modified_gmt":"2022-08-09T22:17:55","slug":"metodologia-do-ensino-de-musica","status":"publish","type":"page","link":"https:\/\/iesap.edu.br\/Iesap\/metodologia-do-ensino-de-musica\/","title":{"rendered":"Metodologia do Ensino de M\u00fasica"},"content":{"rendered":"\t\t<div data-elementor-type=\"wp-post\" data-elementor-id=\"243\" class=\"elementor elementor-243\" data-elementor-settings=\"{&quot;ha_cmc_init_switcher&quot;:&quot;no&quot;}\">\n\t\t\t\t\t\t<section class=\"elementor-section elementor-top-section elementor-element elementor-element-14364865 elementor-section-full_width elementor-section-height-min-height elementor-section-height-default elementor-section-items-middle\" data-id=\"14364865\" data-element_type=\"section\" data-settings=\"{&quot;background_background&quot;:&quot;classic&quot;,&quot;_ha_eqh_enable&quot;:false}\">\n\t\t\t\t\t\t<div class=\"elementor-container elementor-column-gap-no\">\n\t\t\t\t\t<div class=\"elementor-column elementor-col-66 elementor-top-column elementor-element elementor-element-20fa9bbf\" data-id=\"20fa9bbf\" data-element_type=\"column\" data-settings=\"{&quot;background_background&quot;:&quot;classic&quot;}\">\n\t\t\t<div class=\"elementor-widget-wrap elementor-element-populated\">\n\t\t\t\t\t\t<div class=\"elementor-element elementor-element-590bc48b elementor-widget elementor-widget-spacer\" data-id=\"590bc48b\" data-element_type=\"widget\" data-widget_type=\"spacer.default\">\n\t\t\t\t<div class=\"elementor-widget-container\">\n\t\t\t\t\t\t\t<div class=\"elementor-spacer\">\n\t\t\t<div class=\"elementor-spacer-inner\"><\/div>\n\t\t<\/div>\n\t\t\t\t\t\t<\/div>\n\t\t\t\t<\/div>\n\t\t\t\t<div class=\"elementor-element elementor-element-4f0a1003 elementor-widget elementor-widget-heading\" data-id=\"4f0a1003\" data-element_type=\"widget\" data-widget_type=\"heading.default\">\n\t\t\t\t<div class=\"elementor-widget-container\">\n\t\t\t\t\t<h3 class=\"elementor-heading-title elementor-size-medium\">P\u00f3s-Gradua\u00e7\u00e3o<\/h3>\t\t\t\t<\/div>\n\t\t\t\t<\/div>\n\t\t\t\t<div class=\"elementor-element elementor-element-e8183b elementor-widget elementor-widget-heading\" data-id=\"e8183b\" data-element_type=\"widget\" data-widget_type=\"heading.default\">\n\t\t\t\t<div class=\"elementor-widget-container\">\n\t\t\t\t\t<h3 class=\"elementor-heading-title elementor-size-medium\"><br>Metodologia do Ensino de M\u00fasica<\/h3>\t\t\t\t<\/div>\n\t\t\t\t<\/div>\n\t\t\t\t<div class=\"elementor-element elementor-element-587f6e90 elementor-align-center elementor-widget elementor-widget-button\" data-id=\"587f6e90\" data-element_type=\"widget\" data-widget_type=\"button.default\">\n\t\t\t\t<div class=\"elementor-widget-container\">\n\t\t\t\t\t\t\t\t\t<div class=\"elementor-button-wrapper\">\n\t\t\t\t\t<a class=\"elementor-button elementor-button-link elementor-size-sm\" href=\"https:\/\/iesap.edu.br\/Iesap\/inscricoes-leed\/\">\n\t\t\t\t\t\t<span class=\"elementor-button-content-wrapper\">\n\t\t\t\t\t\t\t\t\t<span class=\"elementor-button-text\">Inscreva-se<\/span>\n\t\t\t\t\t<\/span>\n\t\t\t\t\t<\/a>\n\t\t\t\t<\/div>\n\t\t\t\t\t\t\t\t<\/div>\n\t\t\t\t<\/div>\n\t\t\t\t\t<\/div>\n\t\t<\/div>\n\t\t\t\t<div class=\"elementor-column elementor-col-33 elementor-top-column elementor-element elementor-element-10cbe16c elementor-invisible\" data-id=\"10cbe16c\" data-element_type=\"column\" data-settings=\"{&quot;background_background&quot;:&quot;classic&quot;,&quot;animation&quot;:&quot;fadeInRight&quot;}\">\n\t\t\t<div class=\"elementor-widget-wrap elementor-element-populated\">\n\t\t\t\t\t\t<div class=\"elementor-element elementor-element-6faf1bed elementor-widget elementor-widget-image\" data-id=\"6faf1bed\" data-element_type=\"widget\" data-widget_type=\"image.default\">\n\t\t\t\t<div class=\"elementor-widget-container\">\n\t\t\t\t\t\t\t\t\t\t\t\t\t\t\t<img fetchpriority=\"high\" decoding=\"async\" width=\"300\" height=\"300\" src=\"https:\/\/iesap.edu.br\/Iesap\/wp-content\/uploads\/2022\/06\/iesap-202245-300x300.jpg\" class=\"attachment-medium size-medium wp-image-1712\" alt=\"\" srcset=\"https:\/\/iesap.edu.br\/Iesap\/wp-content\/uploads\/2022\/06\/iesap-202245-300x300.jpg 300w, https:\/\/iesap.edu.br\/Iesap\/wp-content\/uploads\/2022\/06\/iesap-202245-100x100.jpg 100w, https:\/\/iesap.edu.br\/Iesap\/wp-content\/uploads\/2022\/06\/iesap-202245-600x600.jpg 600w, https:\/\/iesap.edu.br\/Iesap\/wp-content\/uploads\/2022\/06\/iesap-202245-1024x1024.jpg 1024w, https:\/\/iesap.edu.br\/Iesap\/wp-content\/uploads\/2022\/06\/iesap-202245-150x150.jpg 150w, https:\/\/iesap.edu.br\/Iesap\/wp-content\/uploads\/2022\/06\/iesap-202245-768x768.jpg 768w, https:\/\/iesap.edu.br\/Iesap\/wp-content\/uploads\/2022\/06\/iesap-202245.jpg 1080w\" sizes=\"(max-width: 300px) 100vw, 300px\" \/>\t\t\t\t\t\t\t\t\t\t\t\t\t\t\t<\/div>\n\t\t\t\t<\/div>\n\t\t\t\t\t<\/div>\n\t\t<\/div>\n\t\t\t\t\t<\/div>\n\t\t<\/section>\n\t\t\t\t<section class=\"elementor-section elementor-top-section elementor-element elementor-element-78813ddd elementor-section-full_width elementor-section-height-default elementor-section-height-default\" data-id=\"78813ddd\" data-element_type=\"section\" data-settings=\"{&quot;background_background&quot;:&quot;classic&quot;,&quot;_ha_eqh_enable&quot;:false}\">\n\t\t\t\t\t\t<div class=\"elementor-container elementor-column-gap-default\">\n\t\t\t\t\t<div class=\"elementor-column elementor-col-100 elementor-top-column elementor-element elementor-element-5b5d8e07\" data-id=\"5b5d8e07\" data-element_type=\"column\">\n\t\t\t<div class=\"elementor-widget-wrap elementor-element-populated\">\n\t\t\t\t\t\t<div class=\"elementor-element elementor-element-3a6cd016 elementor-align-right elementor-widget elementor-widget-button\" data-id=\"3a6cd016\" data-element_type=\"widget\" data-widget_type=\"button.default\">\n\t\t\t\t<div class=\"elementor-widget-container\">\n\t\t\t\t\t\t\t\t\t<div class=\"elementor-button-wrapper\">\n\t\t\t\t\t<a class=\"elementor-button elementor-button-link elementor-size-xs\" href=\"https:\/\/iesap.edu.br\/Iesap\/pos-graduacao\/\">\n\t\t\t\t\t\t<span class=\"elementor-button-content-wrapper\">\n\t\t\t\t\t\t\t\t\t<span class=\"elementor-button-text\">Voltar aos Cursos<\/span>\n\t\t\t\t\t<\/span>\n\t\t\t\t\t<\/a>\n\t\t\t\t<\/div>\n\t\t\t\t\t\t\t\t<\/div>\n\t\t\t\t<\/div>\n\t\t\t\t\t<\/div>\n\t\t<\/div>\n\t\t\t\t\t<\/div>\n\t\t<\/section>\n\t\t\t\t<section class=\"elementor-section elementor-top-section elementor-element elementor-element-697782c6 elementor-section-boxed elementor-section-height-default elementor-section-height-default\" data-id=\"697782c6\" data-element_type=\"section\" data-settings=\"{&quot;_ha_eqh_enable&quot;:false}\">\n\t\t\t\t\t\t<div class=\"elementor-container elementor-column-gap-default\">\n\t\t\t\t\t<div class=\"elementor-column elementor-col-66 elementor-top-column elementor-element elementor-element-54580308\" data-id=\"54580308\" data-element_type=\"column\">\n\t\t\t<div class=\"elementor-widget-wrap elementor-element-populated\">\n\t\t\t\t\t\t<div class=\"elementor-element elementor-element-20cbffa3 elementor-widget elementor-widget-heading\" data-id=\"20cbffa3\" data-element_type=\"widget\" data-widget_type=\"heading.default\">\n\t\t\t\t<div class=\"elementor-widget-container\">\n\t\t\t\t\t<h3 class=\"elementor-heading-title elementor-size-medium\">Sobre o Curso<\/h3>\t\t\t\t<\/div>\n\t\t\t\t<\/div>\n\t\t\t\t<div class=\"elementor-element elementor-element-2b9457c1 elementor-widget elementor-widget-text-editor\" data-id=\"2b9457c1\" data-element_type=\"widget\" data-widget_type=\"text-editor.default\">\n\t\t\t\t<div class=\"elementor-widget-container\">\n\t\t\t\t\t\t\t\t\t<p>Oportunizar a atua\u00e7\u00e3o na metodologia da m\u00fasica, instrumentalizando a a\u00e7\u00e3o docente por meio de fundamentos metodol\u00f3gicos e reflex\u00f5es sobre as atuais abordagens de ensino e proporcionar o desenvolvimento de compet\u00eancias e saberes sobre a metodologia do ensino da m\u00fasica a ser implementado no contexto escolar. Qualificar profissionais formados a n\u00edvel superior para participarem efetivamente na edifica\u00e7\u00e3o do processo de planejamento, execu\u00e7\u00e3o e avalia\u00e7\u00e3o do ensino-aprendizagem no contexto da educa\u00e7\u00e3o musical.<\/p>\t\t\t\t\t\t\t\t<\/div>\n\t\t\t\t<\/div>\n\t\t\t\t\t<\/div>\n\t\t<\/div>\n\t\t\t\t<div class=\"elementor-column elementor-col-33 elementor-top-column elementor-element elementor-element-34bd083\" data-id=\"34bd083\" data-element_type=\"column\">\n\t\t\t<div class=\"elementor-widget-wrap elementor-element-populated\">\n\t\t\t\t\t\t<div class=\"elementor-element elementor-element-965d529 elementor-view-default elementor-widget elementor-widget-icon\" data-id=\"965d529\" data-element_type=\"widget\" data-widget_type=\"icon.default\">\n\t\t\t\t<div class=\"elementor-widget-container\">\n\t\t\t\t\t\t\t<div class=\"elementor-icon-wrapper\">\n\t\t\t<div class=\"elementor-icon\">\n\t\t\t<i aria-hidden=\"true\" class=\"icon icon-timing\"><\/i>\t\t\t<\/div>\n\t\t<\/div>\n\t\t\t\t\t\t<\/div>\n\t\t\t\t<\/div>\n\t\t\t\t<div class=\"elementor-element elementor-element-335269c3 elementor-widget elementor-widget-heading\" data-id=\"335269c3\" data-element_type=\"widget\" data-widget_type=\"heading.default\">\n\t\t\t\t<div class=\"elementor-widget-container\">\n\t\t\t\t\t<h3 class=\"elementor-heading-title elementor-size-medium\">Dura\u00e7\u00e3o<\/h3>\t\t\t\t<\/div>\n\t\t\t\t<\/div>\n\t\t\t\t\t<\/div>\n\t\t<\/div>\n\t\t\t\t\t<\/div>\n\t\t<\/section>\n\t\t\t\t<section class=\"elementor-section elementor-top-section elementor-element elementor-element-718502bc elementor-section-full_width elementor-section-height-default elementor-section-height-default\" data-id=\"718502bc\" data-element_type=\"section\" data-settings=\"{&quot;background_background&quot;:&quot;gradient&quot;,&quot;_ha_eqh_enable&quot;:false}\">\n\t\t\t\t\t\t<div class=\"elementor-container elementor-column-gap-default\">\n\t\t\t\t\t<div class=\"elementor-column elementor-col-33 elementor-top-column elementor-element elementor-element-62d93bd\" data-id=\"62d93bd\" data-element_type=\"column\" data-settings=\"{&quot;background_background&quot;:&quot;gradient&quot;}\">\n\t\t\t<div class=\"elementor-widget-wrap elementor-element-populated\">\n\t\t\t\t\t\t<div class=\"elementor-element elementor-element-49b8c4f7 elementor-widget elementor-widget-image\" data-id=\"49b8c4f7\" data-element_type=\"widget\" data-widget_type=\"image.default\">\n\t\t\t\t<div class=\"elementor-widget-container\">\n\t\t\t\t\t\t\t\t\t\t\t\t\t\t\t<img decoding=\"async\" width=\"1024\" height=\"1024\" src=\"https:\/\/iesap.edu.br\/Iesap\/wp-content\/uploads\/2022\/06\/iesap-202267-1024x1024.jpg\" class=\"attachment-large size-large wp-image-1701\" alt=\"\" srcset=\"https:\/\/iesap.edu.br\/Iesap\/wp-content\/uploads\/2022\/06\/iesap-202267-1024x1024.jpg 1024w, https:\/\/iesap.edu.br\/Iesap\/wp-content\/uploads\/2022\/06\/iesap-202267-300x300.jpg 300w, https:\/\/iesap.edu.br\/Iesap\/wp-content\/uploads\/2022\/06\/iesap-202267-100x100.jpg 100w, https:\/\/iesap.edu.br\/Iesap\/wp-content\/uploads\/2022\/06\/iesap-202267-600x600.jpg 600w, https:\/\/iesap.edu.br\/Iesap\/wp-content\/uploads\/2022\/06\/iesap-202267-150x150.jpg 150w, https:\/\/iesap.edu.br\/Iesap\/wp-content\/uploads\/2022\/06\/iesap-202267-768x768.jpg 768w, https:\/\/iesap.edu.br\/Iesap\/wp-content\/uploads\/2022\/06\/iesap-202267.jpg 1080w\" sizes=\"(max-width: 1024px) 100vw, 1024px\" \/>\t\t\t\t\t\t\t\t\t\t\t\t\t\t\t<\/div>\n\t\t\t\t<\/div>\n\t\t\t\t\t<\/div>\n\t\t<\/div>\n\t\t\t\t<div class=\"elementor-column elementor-col-66 elementor-top-column elementor-element elementor-element-5d08fa5c\" data-id=\"5d08fa5c\" data-element_type=\"column\" data-settings=\"{&quot;background_background&quot;:&quot;gradient&quot;}\">\n\t\t\t<div class=\"elementor-widget-wrap elementor-element-populated\">\n\t\t\t\t\t\t<div class=\"elementor-element elementor-element-493c87ca elementor-widget elementor-widget-spacer\" data-id=\"493c87ca\" data-element_type=\"widget\" data-widget_type=\"spacer.default\">\n\t\t\t\t<div class=\"elementor-widget-container\">\n\t\t\t\t\t\t\t<div class=\"elementor-spacer\">\n\t\t\t<div class=\"elementor-spacer-inner\"><\/div>\n\t\t<\/div>\n\t\t\t\t\t\t<\/div>\n\t\t\t\t<\/div>\n\t\t\t\t<div class=\"elementor-element elementor-element-6f300738 elementor-widget elementor-widget-heading\" data-id=\"6f300738\" data-element_type=\"widget\" data-widget_type=\"heading.default\">\n\t\t\t\t<div class=\"elementor-widget-container\">\n\t\t\t\t\t<h3 class=\"elementor-heading-title elementor-size-medium\">Metodologia do Ensino de M\u00fasica<\/h3>\t\t\t\t<\/div>\n\t\t\t\t<\/div>\n\t\t\t\t<div class=\"elementor-element elementor-element-27b9ffb elementor-align-center elementor-widget elementor-widget-button\" data-id=\"27b9ffb\" data-element_type=\"widget\" data-widget_type=\"button.default\">\n\t\t\t\t<div class=\"elementor-widget-container\">\n\t\t\t\t\t\t\t\t\t<div class=\"elementor-button-wrapper\">\n\t\t\t\t\t<a class=\"elementor-button elementor-button-link elementor-size-sm\" href=\"https:\/\/iesap.edu.br\/Iesap\/inscricoes-leed\/\">\n\t\t\t\t\t\t<span class=\"elementor-button-content-wrapper\">\n\t\t\t\t\t\t\t\t\t<span class=\"elementor-button-text\">Inscreva-se<\/span>\n\t\t\t\t\t<\/span>\n\t\t\t\t\t<\/a>\n\t\t\t\t<\/div>\n\t\t\t\t\t\t\t\t<\/div>\n\t\t\t\t<\/div>\n\t\t\t\t\t<\/div>\n\t\t<\/div>\n\t\t\t\t\t<\/div>\n\t\t<\/section>\n\t\t\t\t<\/div>\n\t\t","protected":false},"excerpt":{"rendered":"<p>P\u00f3s-Gradua\u00e7\u00e3o Metodologia do Ensino de M\u00fasica Inscreva-se Voltar aos Cursos Sobre o Curso Oportunizar a atua\u00e7\u00e3o na metodologia da m\u00fasica, instrumentalizando a a\u00e7\u00e3o docente por meio de fundamentos metodol\u00f3gicos e reflex\u00f5es sobre as atuais abordagens de ensino e proporcionar o desenvolvimento de compet\u00eancias e saberes sobre a metodologia do ensino da m\u00fasica a ser implementado [&hellip;]<\/p>\n","protected":false},"author":1,"featured_media":0,"parent":0,"menu_order":0,"comment_status":"closed","ping_status":"closed","template":"elementor_header_footer","meta":{"content-type":"","footnotes":""},"class_list":["post-243","page","type-page","status-publish","hentry"],"jetpack_sharing_enabled":true,"_links":{"self":[{"href":"https:\/\/iesap.edu.br\/Iesap\/wp-json\/wp\/v2\/pages\/243","targetHints":{"allow":["GET"]}}],"collection":[{"href":"https:\/\/iesap.edu.br\/Iesap\/wp-json\/wp\/v2\/pages"}],"about":[{"href":"https:\/\/iesap.edu.br\/Iesap\/wp-json\/wp\/v2\/types\/page"}],"author":[{"embeddable":true,"href":"https:\/\/iesap.edu.br\/Iesap\/wp-json\/wp\/v2\/users\/1"}],"replies":[{"embeddable":true,"href":"https:\/\/iesap.edu.br\/Iesap\/wp-json\/wp\/v2\/comments?post=243"}],"version-history":[{"count":22,"href":"https:\/\/iesap.edu.br\/Iesap\/wp-json\/wp\/v2\/pages\/243\/revisions"}],"predecessor-version":[{"id":2405,"href":"https:\/\/iesap.edu.br\/Iesap\/wp-json\/wp\/v2\/pages\/243\/revisions\/2405"}],"wp:attachment":[{"href":"https:\/\/iesap.edu.br\/Iesap\/wp-json\/wp\/v2\/media?parent=243"}],"curies":[{"name":"wp","href":"https:\/\/api.w.org\/{rel}","templated":true}]}}