{"id":233,"date":"2020-11-23T17:36:50","date_gmt":"2020-11-23T17:36:50","guid":{"rendered":"https:\/\/iesap.edu.br\/Iesap\/?page_id=233"},"modified":"2022-08-09T22:26:59","modified_gmt":"2022-08-09T22:26:59","slug":"ensino-religioso","status":"publish","type":"page","link":"https:\/\/iesap.edu.br\/Iesap\/ensino-religioso\/","title":{"rendered":"Ensino Religioso"},"content":{"rendered":"\t\t<div data-elementor-type=\"wp-post\" data-elementor-id=\"233\" class=\"elementor elementor-233\" data-elementor-settings=\"{&quot;ha_cmc_init_switcher&quot;:&quot;no&quot;}\">\n\t\t\t\t\t\t<section class=\"elementor-section elementor-top-section elementor-element elementor-element-7568ef elementor-section-full_width elementor-section-height-min-height elementor-section-height-default elementor-section-items-middle\" data-id=\"7568ef\" data-element_type=\"section\" data-settings=\"{&quot;background_background&quot;:&quot;classic&quot;,&quot;_ha_eqh_enable&quot;:false}\">\n\t\t\t\t\t\t<div class=\"elementor-container elementor-column-gap-no\">\n\t\t\t\t\t<div class=\"elementor-column elementor-col-66 elementor-top-column elementor-element elementor-element-6f43125a\" data-id=\"6f43125a\" data-element_type=\"column\" data-settings=\"{&quot;background_background&quot;:&quot;classic&quot;}\">\n\t\t\t<div class=\"elementor-widget-wrap elementor-element-populated\">\n\t\t\t\t\t\t<div class=\"elementor-element elementor-element-3d1fa8f9 elementor-widget elementor-widget-spacer\" data-id=\"3d1fa8f9\" data-element_type=\"widget\" data-widget_type=\"spacer.default\">\n\t\t\t\t<div class=\"elementor-widget-container\">\n\t\t\t\t\t\t\t<div class=\"elementor-spacer\">\n\t\t\t<div class=\"elementor-spacer-inner\"><\/div>\n\t\t<\/div>\n\t\t\t\t\t\t<\/div>\n\t\t\t\t<\/div>\n\t\t\t\t<div class=\"elementor-element elementor-element-66449e1 elementor-widget elementor-widget-heading\" data-id=\"66449e1\" data-element_type=\"widget\" data-widget_type=\"heading.default\">\n\t\t\t\t<div class=\"elementor-widget-container\">\n\t\t\t\t\t<h3 class=\"elementor-heading-title elementor-size-medium\">P\u00f3s-Gradua\u00e7\u00e3o<\/h3>\t\t\t\t<\/div>\n\t\t\t\t<\/div>\n\t\t\t\t<div class=\"elementor-element elementor-element-6de5db48 elementor-widget elementor-widget-heading\" data-id=\"6de5db48\" data-element_type=\"widget\" data-widget_type=\"heading.default\">\n\t\t\t\t<div class=\"elementor-widget-container\">\n\t\t\t\t\t<h3 class=\"elementor-heading-title elementor-size-medium\"><br>Ensino Religioso<\/h3>\t\t\t\t<\/div>\n\t\t\t\t<\/div>\n\t\t\t\t<div class=\"elementor-element elementor-element-116d2fe5 elementor-align-center elementor-widget elementor-widget-button\" data-id=\"116d2fe5\" data-element_type=\"widget\" data-widget_type=\"button.default\">\n\t\t\t\t<div class=\"elementor-widget-container\">\n\t\t\t\t\t\t\t\t\t<div class=\"elementor-button-wrapper\">\n\t\t\t\t\t<a class=\"elementor-button elementor-button-link elementor-size-sm\" href=\"https:\/\/iesap.edu.br\/Iesap\/inscricoes-leed\/\">\n\t\t\t\t\t\t<span class=\"elementor-button-content-wrapper\">\n\t\t\t\t\t\t\t\t\t<span class=\"elementor-button-text\">Isccreva-se<\/span>\n\t\t\t\t\t<\/span>\n\t\t\t\t\t<\/a>\n\t\t\t\t<\/div>\n\t\t\t\t\t\t\t\t<\/div>\n\t\t\t\t<\/div>\n\t\t\t\t\t<\/div>\n\t\t<\/div>\n\t\t\t\t<div class=\"elementor-column elementor-col-33 elementor-top-column elementor-element elementor-element-6db7e759 elementor-invisible\" data-id=\"6db7e759\" data-element_type=\"column\" data-settings=\"{&quot;background_background&quot;:&quot;classic&quot;,&quot;animation&quot;:&quot;fadeInRight&quot;}\">\n\t\t\t<div class=\"elementor-widget-wrap elementor-element-populated\">\n\t\t\t\t\t\t<div class=\"elementor-element elementor-element-629b2e68 elementor-widget elementor-widget-image\" data-id=\"629b2e68\" data-element_type=\"widget\" data-widget_type=\"image.default\">\n\t\t\t\t<div class=\"elementor-widget-container\">\n\t\t\t\t\t\t\t\t\t\t\t\t\t\t\t<img fetchpriority=\"high\" decoding=\"async\" width=\"300\" height=\"300\" src=\"https:\/\/iesap.edu.br\/Iesap\/wp-content\/uploads\/2022\/06\/iesap-202245-300x300.jpg\" class=\"attachment-medium size-medium wp-image-1712\" alt=\"\" srcset=\"https:\/\/iesap.edu.br\/Iesap\/wp-content\/uploads\/2022\/06\/iesap-202245-300x300.jpg 300w, https:\/\/iesap.edu.br\/Iesap\/wp-content\/uploads\/2022\/06\/iesap-202245-100x100.jpg 100w, https:\/\/iesap.edu.br\/Iesap\/wp-content\/uploads\/2022\/06\/iesap-202245-600x600.jpg 600w, https:\/\/iesap.edu.br\/Iesap\/wp-content\/uploads\/2022\/06\/iesap-202245-1024x1024.jpg 1024w, https:\/\/iesap.edu.br\/Iesap\/wp-content\/uploads\/2022\/06\/iesap-202245-150x150.jpg 150w, https:\/\/iesap.edu.br\/Iesap\/wp-content\/uploads\/2022\/06\/iesap-202245-768x768.jpg 768w, https:\/\/iesap.edu.br\/Iesap\/wp-content\/uploads\/2022\/06\/iesap-202245.jpg 1080w\" sizes=\"(max-width: 300px) 100vw, 300px\" \/>\t\t\t\t\t\t\t\t\t\t\t\t\t\t\t<\/div>\n\t\t\t\t<\/div>\n\t\t\t\t\t<\/div>\n\t\t<\/div>\n\t\t\t\t\t<\/div>\n\t\t<\/section>\n\t\t\t\t<section class=\"elementor-section elementor-top-section elementor-element elementor-element-3c618e5b elementor-section-full_width elementor-section-height-default elementor-section-height-default\" data-id=\"3c618e5b\" data-element_type=\"section\" data-settings=\"{&quot;background_background&quot;:&quot;classic&quot;,&quot;_ha_eqh_enable&quot;:false}\">\n\t\t\t\t\t\t<div class=\"elementor-container elementor-column-gap-default\">\n\t\t\t\t\t<div class=\"elementor-column elementor-col-100 elementor-top-column elementor-element elementor-element-ae2c258\" data-id=\"ae2c258\" data-element_type=\"column\">\n\t\t\t<div class=\"elementor-widget-wrap elementor-element-populated\">\n\t\t\t\t\t\t<div class=\"elementor-element elementor-element-7c0389a6 elementor-align-right elementor-widget elementor-widget-button\" data-id=\"7c0389a6\" data-element_type=\"widget\" data-widget_type=\"button.default\">\n\t\t\t\t<div class=\"elementor-widget-container\">\n\t\t\t\t\t\t\t\t\t<div class=\"elementor-button-wrapper\">\n\t\t\t\t\t<a class=\"elementor-button elementor-button-link elementor-size-xs\" href=\"https:\/\/iesap.edu.br\/Iesap\/pos-graduacao\/\">\n\t\t\t\t\t\t<span class=\"elementor-button-content-wrapper\">\n\t\t\t\t\t\t\t\t\t<span class=\"elementor-button-text\">Voltar aos Cursos<\/span>\n\t\t\t\t\t<\/span>\n\t\t\t\t\t<\/a>\n\t\t\t\t<\/div>\n\t\t\t\t\t\t\t\t<\/div>\n\t\t\t\t<\/div>\n\t\t\t\t\t<\/div>\n\t\t<\/div>\n\t\t\t\t\t<\/div>\n\t\t<\/section>\n\t\t\t\t<section class=\"elementor-section elementor-top-section elementor-element elementor-element-46cba606 elementor-section-boxed elementor-section-height-default elementor-section-height-default\" data-id=\"46cba606\" data-element_type=\"section\" data-settings=\"{&quot;_ha_eqh_enable&quot;:false}\">\n\t\t\t\t\t\t<div class=\"elementor-container elementor-column-gap-default\">\n\t\t\t\t\t<div class=\"elementor-column elementor-col-66 elementor-top-column elementor-element elementor-element-e73ac0f\" data-id=\"e73ac0f\" data-element_type=\"column\">\n\t\t\t<div class=\"elementor-widget-wrap elementor-element-populated\">\n\t\t\t\t\t\t<div class=\"elementor-element elementor-element-33af9f75 elementor-widget elementor-widget-heading\" data-id=\"33af9f75\" data-element_type=\"widget\" data-widget_type=\"heading.default\">\n\t\t\t\t<div class=\"elementor-widget-container\">\n\t\t\t\t\t<h3 class=\"elementor-heading-title elementor-size-medium\">Sobre o Curso<\/h3>\t\t\t\t<\/div>\n\t\t\t\t<\/div>\n\t\t\t\t<div class=\"elementor-element elementor-element-72bd8716 elementor-widget elementor-widget-text-editor\" data-id=\"72bd8716\" data-element_type=\"widget\" data-widget_type=\"text-editor.default\">\n\t\t\t\t<div class=\"elementor-widget-container\">\n\t\t\t\t\t\t\t\t\t<p>Qualificar professores, pesquisadores e profissionais interessados no fen\u00f4meno religioso na sociedade contempor\u00e2nea para atua\u00e7\u00e3o nas suas \u00e1reas de atividade profissional. Refletir sobre o fen\u00f4meno religioso no \u00e2mbito do pluralismo moderno e enfatizar o di\u00e1logo inter-religioso e ecum\u00eanico e investigar, a partir de diferentes abordagens e ci\u00eancias, a dimens\u00e3o religiosa do ser humano em di\u00e1logo com os desafios antropol\u00f3gicos, \u00e9ticos e sociais decorrentes do mundo moderno.<\/p><p><strong>\u00a0\u00a0<\/strong><\/p>\t\t\t\t\t\t\t\t<\/div>\n\t\t\t\t<\/div>\n\t\t\t\t\t<\/div>\n\t\t<\/div>\n\t\t\t\t<div class=\"elementor-column elementor-col-33 elementor-top-column elementor-element elementor-element-1234470f\" data-id=\"1234470f\" data-element_type=\"column\">\n\t\t\t<div class=\"elementor-widget-wrap elementor-element-populated\">\n\t\t\t\t\t\t<div class=\"elementor-element elementor-element-2c95d558 elementor-view-default elementor-widget elementor-widget-icon\" data-id=\"2c95d558\" data-element_type=\"widget\" data-widget_type=\"icon.default\">\n\t\t\t\t<div class=\"elementor-widget-container\">\n\t\t\t\t\t\t\t<div class=\"elementor-icon-wrapper\">\n\t\t\t<div class=\"elementor-icon\">\n\t\t\t<i aria-hidden=\"true\" class=\"icon icon-timing\"><\/i>\t\t\t<\/div>\n\t\t<\/div>\n\t\t\t\t\t\t<\/div>\n\t\t\t\t<\/div>\n\t\t\t\t<div class=\"elementor-element elementor-element-7c194d6 elementor-widget elementor-widget-heading\" data-id=\"7c194d6\" data-element_type=\"widget\" data-widget_type=\"heading.default\">\n\t\t\t\t<div class=\"elementor-widget-container\">\n\t\t\t\t\t<h3 class=\"elementor-heading-title elementor-size-medium\">Dura\u00e7\u00e3o<\/h3>\t\t\t\t<\/div>\n\t\t\t\t<\/div>\n\t\t\t\t\t<\/div>\n\t\t<\/div>\n\t\t\t\t\t<\/div>\n\t\t<\/section>\n\t\t\t\t<section class=\"elementor-section elementor-top-section elementor-element elementor-element-5ef7a81 elementor-section-boxed elementor-section-height-default elementor-section-height-default\" data-id=\"5ef7a81\" data-element_type=\"section\" data-settings=\"{&quot;_ha_eqh_enable&quot;:false}\">\n\t\t\t\t\t\t<div class=\"elementor-container elementor-column-gap-default\">\n\t\t\t\t\t<div class=\"elementor-column elementor-col-100 elementor-top-column elementor-element elementor-element-7799fd1\" data-id=\"7799fd1\" data-element_type=\"column\">\n\t\t\t<div class=\"elementor-widget-wrap\">\n\t\t\t\t\t\t\t<\/div>\n\t\t<\/div>\n\t\t\t\t\t<\/div>\n\t\t<\/section>\n\t\t\t\t<section class=\"elementor-section elementor-top-section elementor-element elementor-element-799778fa elementor-section-full_width elementor-section-height-default elementor-section-height-default\" data-id=\"799778fa\" data-element_type=\"section\" data-settings=\"{&quot;background_background&quot;:&quot;gradient&quot;,&quot;_ha_eqh_enable&quot;:false}\">\n\t\t\t\t\t\t<div class=\"elementor-container elementor-column-gap-default\">\n\t\t\t\t\t<div class=\"elementor-column elementor-col-33 elementor-top-column elementor-element elementor-element-5fac877e\" data-id=\"5fac877e\" data-element_type=\"column\" data-settings=\"{&quot;background_background&quot;:&quot;gradient&quot;}\">\n\t\t\t<div class=\"elementor-widget-wrap elementor-element-populated\">\n\t\t\t\t\t\t<div class=\"elementor-element elementor-element-7dfb232d elementor-widget elementor-widget-image\" data-id=\"7dfb232d\" data-element_type=\"widget\" data-widget_type=\"image.default\">\n\t\t\t\t<div class=\"elementor-widget-container\">\n\t\t\t\t\t\t\t\t\t\t\t\t\t\t\t<img decoding=\"async\" width=\"1024\" height=\"1024\" src=\"https:\/\/iesap.edu.br\/Iesap\/wp-content\/uploads\/2022\/06\/iesap-202267-1024x1024.jpg\" class=\"attachment-large size-large wp-image-1701\" alt=\"\" srcset=\"https:\/\/iesap.edu.br\/Iesap\/wp-content\/uploads\/2022\/06\/iesap-202267-1024x1024.jpg 1024w, https:\/\/iesap.edu.br\/Iesap\/wp-content\/uploads\/2022\/06\/iesap-202267-300x300.jpg 300w, https:\/\/iesap.edu.br\/Iesap\/wp-content\/uploads\/2022\/06\/iesap-202267-100x100.jpg 100w, https:\/\/iesap.edu.br\/Iesap\/wp-content\/uploads\/2022\/06\/iesap-202267-600x600.jpg 600w, https:\/\/iesap.edu.br\/Iesap\/wp-content\/uploads\/2022\/06\/iesap-202267-150x150.jpg 150w, https:\/\/iesap.edu.br\/Iesap\/wp-content\/uploads\/2022\/06\/iesap-202267-768x768.jpg 768w, https:\/\/iesap.edu.br\/Iesap\/wp-content\/uploads\/2022\/06\/iesap-202267.jpg 1080w\" sizes=\"(max-width: 1024px) 100vw, 1024px\" \/>\t\t\t\t\t\t\t\t\t\t\t\t\t\t\t<\/div>\n\t\t\t\t<\/div>\n\t\t\t\t\t<\/div>\n\t\t<\/div>\n\t\t\t\t<div class=\"elementor-column elementor-col-66 elementor-top-column elementor-element elementor-element-3f85e1b3\" data-id=\"3f85e1b3\" data-element_type=\"column\" data-settings=\"{&quot;background_background&quot;:&quot;gradient&quot;}\">\n\t\t\t<div class=\"elementor-widget-wrap elementor-element-populated\">\n\t\t\t\t\t\t<div class=\"elementor-element elementor-element-4ee72d99 elementor-widget elementor-widget-spacer\" data-id=\"4ee72d99\" data-element_type=\"widget\" data-widget_type=\"spacer.default\">\n\t\t\t\t<div class=\"elementor-widget-container\">\n\t\t\t\t\t\t\t<div class=\"elementor-spacer\">\n\t\t\t<div class=\"elementor-spacer-inner\"><\/div>\n\t\t<\/div>\n\t\t\t\t\t\t<\/div>\n\t\t\t\t<\/div>\n\t\t\t\t<div class=\"elementor-element elementor-element-4709eb7d elementor-widget elementor-widget-heading\" data-id=\"4709eb7d\" data-element_type=\"widget\" data-widget_type=\"heading.default\">\n\t\t\t\t<div class=\"elementor-widget-container\">\n\t\t\t\t\t<h3 class=\"elementor-heading-title elementor-size-medium\">Ensino Religioso<\/h3>\t\t\t\t<\/div>\n\t\t\t\t<\/div>\n\t\t\t\t<div class=\"elementor-element elementor-element-463ba554 elementor-align-center elementor-widget elementor-widget-button\" data-id=\"463ba554\" data-element_type=\"widget\" data-widget_type=\"button.default\">\n\t\t\t\t<div class=\"elementor-widget-container\">\n\t\t\t\t\t\t\t\t\t<div class=\"elementor-button-wrapper\">\n\t\t\t\t\t<a class=\"elementor-button elementor-button-link elementor-size-sm\" href=\"https:\/\/iesap.edu.br\/Iesap\/inscricoes-leed\/\">\n\t\t\t\t\t\t<span class=\"elementor-button-content-wrapper\">\n\t\t\t\t\t\t\t\t\t<span class=\"elementor-button-text\">Inscreva-se<\/span>\n\t\t\t\t\t<\/span>\n\t\t\t\t\t<\/a>\n\t\t\t\t<\/div>\n\t\t\t\t\t\t\t\t<\/div>\n\t\t\t\t<\/div>\n\t\t\t\t\t<\/div>\n\t\t<\/div>\n\t\t\t\t\t<\/div>\n\t\t<\/section>\n\t\t\t\t<\/div>\n\t\t","protected":false},"excerpt":{"rendered":"<p>P\u00f3s-Gradua\u00e7\u00e3o Ensino Religioso Isccreva-se Voltar aos Cursos Sobre o Curso Qualificar professores, pesquisadores e profissionais interessados no fen\u00f4meno religioso na sociedade contempor\u00e2nea para atua\u00e7\u00e3o nas suas \u00e1reas de atividade profissional. Refletir sobre o fen\u00f4meno religioso no \u00e2mbito do pluralismo moderno e enfatizar o di\u00e1logo inter-religioso e ecum\u00eanico e investigar, a partir de diferentes abordagens e [&hellip;]<\/p>\n","protected":false},"author":1,"featured_media":0,"parent":0,"menu_order":0,"comment_status":"closed","ping_status":"closed","template":"elementor_header_footer","meta":{"content-type":"","footnotes":""},"class_list":["post-233","page","type-page","status-publish","hentry"],"jetpack_sharing_enabled":true,"_links":{"self":[{"href":"https:\/\/iesap.edu.br\/Iesap\/wp-json\/wp\/v2\/pages\/233","targetHints":{"allow":["GET"]}}],"collection":[{"href":"https:\/\/iesap.edu.br\/Iesap\/wp-json\/wp\/v2\/pages"}],"about":[{"href":"https:\/\/iesap.edu.br\/Iesap\/wp-json\/wp\/v2\/types\/page"}],"author":[{"embeddable":true,"href":"https:\/\/iesap.edu.br\/Iesap\/wp-json\/wp\/v2\/users\/1"}],"replies":[{"embeddable":true,"href":"https:\/\/iesap.edu.br\/Iesap\/wp-json\/wp\/v2\/comments?post=233"}],"version-history":[{"count":25,"href":"https:\/\/iesap.edu.br\/Iesap\/wp-json\/wp\/v2\/pages\/233\/revisions"}],"predecessor-version":[{"id":2426,"href":"https:\/\/iesap.edu.br\/Iesap\/wp-json\/wp\/v2\/pages\/233\/revisions\/2426"}],"wp:attachment":[{"href":"https:\/\/iesap.edu.br\/Iesap\/wp-json\/wp\/v2\/media?parent=233"}],"curies":[{"name":"wp","href":"https:\/\/api.w.org\/{rel}","templated":true}]}}